{"id":6366,"date":"2025-06-01T20:00:31","date_gmt":"2025-06-01T19:00:31","guid":{"rendered":"https:\/\/martinamaletti.com\/?post_type=product&#038;p=6366"},"modified":"2026-04-10T14:04:35","modified_gmt":"2026-04-10T13:04:35","slug":"pantalon-kira-dorado","status":"publish","type":"product","link":"https:\/\/martinamaletti.com\/en\/product\/pantalon-kira-dorado\/","title":{"rendered":"Kira Trousers Gold"},"content":{"rendered":"<p>The Kira trousers are synonymous with timeless elegance. Crafted in a soft viscose fabric, it has a flattering high waist that slims the figure and an elephant-leg silhouette that visually lengthens the legs with every step. Its flowing drape and subtle movement make it a versatile piece, perfect for both daytime and special occasion looks. A key piece for a sophisticated and contemporary wardrobe.<\/p>","protected":false},"excerpt":{"rendered":"<p>The Kira trousers are synonymous with timeless elegance. Crafted in a soft viscose fabric, it has a flattering high waist that slims the figure and an elephant-leg silhouette that visually lengthens the legs with every step. Its flowing drape and subtle movement make it a versatile piece, perfect for both daytime and special occasion looks. A key piece for a sophisticated and contemporary wardrobe.<\/p>","protected":false},"featured_media":6371,"template":"","meta":{"_acf_changed":false},"coleccion":[],"product_brand":[],"product_cat":[128,134,143],"product_tag":[],"class_list":{"0":"post-6366","1":"product","2":"type-product","3":"status-publish","4":"has-post-thumbnail","6":"product_cat-drop-1","7":"product_cat-pantalones","8":"product_cat-ropa","10":"first","11":"onbackorder","12":"taxable","13":"shipping-taxable","14":"purchasable","15":"product-type-variable"},"acf":[],"yoast_head":"<!-- This site is optimized with the Yoast SEO plugin v27.3 - https:\/\/yoast.com\/product\/yoast-seo-wordpress\/ -->\n<title>Pantal\u00f3n Kira Dorado - Martina Maletti<\/title>\n<meta name=\"description\" content=\"El pantal\u00f3n Kira es sin\u00f3nimo de elegancia atemporal. Confeccionado en un suave tejido de viscosa, presenta un favorecedor talle alto que estiliza la figura.\" \/>\n<meta name=\"robots\" content=\"index, follow, max-snippet:-1, max-image-preview:large, max-video-preview:-1\" \/>\n<link rel=\"canonical\" href=\"https:\/\/martinamaletti.com\/en\/product\/pantalon-kira-dorado\/\" \/>\n<meta property=\"og:locale\" content=\"en_GB\" \/>\n<meta property=\"og:type\" content=\"article\" \/>\n<meta property=\"og:title\" content=\"Pantal\u00f3n Kira Dorado - Martina Maletti\" \/>\n<meta property=\"og:description\" content=\"El pantal\u00f3n Kira es sin\u00f3nimo de elegancia atemporal. Confeccionado en un suave tejido de viscosa, presenta un favorecedor talle alto que estiliza la figura.\" \/>\n<meta property=\"og:url\" content=\"https:\/\/martinamaletti.com\/en\/product\/pantalon-kira-dorado\/\" \/>\n<meta property=\"og:site_name\" content=\"Martina Maletti\" \/>\n<meta property=\"article:modified_time\" content=\"2026-04-10T13:04:35+00:00\" \/>\n<meta property=\"og:image\" content=\"https:\/\/martinamaletti.com\/wp-content\/uploads\/2025\/05\/martinamaletti_img221.webp\" \/>\n\t<meta property=\"og:image:width\" content=\"1080\" \/>\n\t<meta property=\"og:image:height\" content=\"1440\" \/>\n\t<meta property=\"og:image:type\" content=\"image\/webp\" \/>\n<meta name=\"twitter:card\" content=\"summary_large_image\" \/>\n<meta name=\"twitter:label1\" content=\"Estimated reading time\" \/>\n\t<meta name=\"twitter:data1\" content=\"1 minute\" \/>\n<script type=\"application\/ld+json\" class=\"yoast-schema-graph\">{\"@context\":\"https:\\\/\\\/schema.org\",\"@graph\":[{\"@type\":\"WebPage\",\"@id\":\"https:\\\/\\\/martinamaletti.com\\\/producto\\\/pantalon-kira-dorado\\\/\",\"url\":\"https:\\\/\\\/martinamaletti.com\\\/producto\\\/pantalon-kira-dorado\\\/\",\"name\":\"Pantal\u00f3n Kira Dorado - Martina Maletti\",\"isPartOf\":{\"@id\":\"https:\\\/\\\/martinamaletti.com\\\/#website\"},\"primaryImageOfPage\":{\"@id\":\"https:\\\/\\\/martinamaletti.com\\\/producto\\\/pantalon-kira-dorado\\\/#primaryimage\"},\"image\":{\"@id\":\"https:\\\/\\\/martinamaletti.com\\\/producto\\\/pantalon-kira-dorado\\\/#primaryimage\"},\"thumbnailUrl\":\"https:\\\/\\\/martinamaletti.com\\\/wp-content\\\/uploads\\\/2025\\\/05\\\/martinamaletti_img221.webp\",\"datePublished\":\"2025-06-01T19:00:31+00:00\",\"dateModified\":\"2026-04-10T13:04:35+00:00\",\"description\":\"El pantal\u00f3n Kira es sin\u00f3nimo de elegancia atemporal. Confeccionado en un suave tejido de viscosa, presenta un favorecedor talle alto que estiliza la figura.\",\"breadcrumb\":{\"@id\":\"https:\\\/\\\/martinamaletti.com\\\/producto\\\/pantalon-kira-dorado\\\/#breadcrumb\"},\"inLanguage\":\"en-GB\",\"potentialAction\":[{\"@type\":\"ReadAction\",\"target\":[\"https:\\\/\\\/martinamaletti.com\\\/producto\\\/pantalon-kira-dorado\\\/\"]}]},{\"@type\":\"ImageObject\",\"inLanguage\":\"en-GB\",\"@id\":\"https:\\\/\\\/martinamaletti.com\\\/producto\\\/pantalon-kira-dorado\\\/#primaryimage\",\"url\":\"https:\\\/\\\/martinamaletti.com\\\/wp-content\\\/uploads\\\/2025\\\/05\\\/martinamaletti_img221.webp\",\"contentUrl\":\"https:\\\/\\\/martinamaletti.com\\\/wp-content\\\/uploads\\\/2025\\\/05\\\/martinamaletti_img221.webp\",\"width\":1080,\"height\":1440,\"caption\":\"imagen pantalon kira martina maletti\"},{\"@type\":\"BreadcrumbList\",\"@id\":\"https:\\\/\\\/martinamaletti.com\\\/producto\\\/pantalon-kira-dorado\\\/#breadcrumb\",\"itemListElement\":[{\"@type\":\"ListItem\",\"position\":1,\"name\":\"Portada\",\"item\":\"https:\\\/\\\/martinamaletti.com\\\/\"},{\"@type\":\"ListItem\",\"position\":2,\"name\":\"Tienda\",\"item\":\"https:\\\/\\\/martinamaletti.es\\\/tienda\\\/\"},{\"@type\":\"ListItem\",\"position\":3,\"name\":\"Pantal\u00f3n Kira Dorado\"}]},{\"@type\":\"WebSite\",\"@id\":\"https:\\\/\\\/martinamaletti.com\\\/#website\",\"url\":\"https:\\\/\\\/martinamaletti.com\\\/\",\"name\":\"Martina Maletti\",\"description\":\"Marca exclusiva de moda en Madrid\",\"publisher\":{\"@id\":\"https:\\\/\\\/martinamaletti.com\\\/#organization\"},\"potentialAction\":[{\"@type\":\"SearchAction\",\"target\":{\"@type\":\"EntryPoint\",\"urlTemplate\":\"https:\\\/\\\/martinamaletti.com\\\/?s={search_term_string}\"},\"query-input\":{\"@type\":\"PropertyValueSpecification\",\"valueRequired\":true,\"valueName\":\"search_term_string\"}}],\"inLanguage\":\"en-GB\"},{\"@type\":\"Organization\",\"@id\":\"https:\\\/\\\/martinamaletti.com\\\/#organization\",\"name\":\"Martina Maletti\",\"url\":\"https:\\\/\\\/martinamaletti.com\\\/\",\"logo\":{\"@type\":\"ImageObject\",\"inLanguage\":\"en-GB\",\"@id\":\"https:\\\/\\\/martinamaletti.com\\\/#\\\/schema\\\/logo\\\/image\\\/\",\"url\":\"https:\\\/\\\/martinamaletti.com\\\/wp-content\\\/uploads\\\/2024\\\/10\\\/logo-martinamaletti.webp\",\"contentUrl\":\"https:\\\/\\\/martinamaletti.com\\\/wp-content\\\/uploads\\\/2024\\\/10\\\/logo-martinamaletti.webp\",\"width\":897,\"height\":52,\"caption\":\"Martina Maletti\"},\"image\":{\"@id\":\"https:\\\/\\\/martinamaletti.com\\\/#\\\/schema\\\/logo\\\/image\\\/\"}}]}<\/script>\n<!-- \/ Yoast SEO plugin. -->","yoast_head_json":{"title":"Pantal\u00f3n Kira Dorado - Martina Maletti","description":"El pantal\u00f3n Kira es sin\u00f3nimo de elegancia atemporal. Confeccionado en un suave tejido de viscosa, presenta un favorecedor talle alto que estiliza la figura.","robots":{"index":"index","follow":"follow","max-snippet":"max-snippet:-1","max-image-preview":"max-image-preview:large","max-video-preview":"max-video-preview:-1"},"canonical":"https:\/\/martinamaletti.com\/en\/product\/pantalon-kira-dorado\/","og_locale":"en_GB","og_type":"article","og_title":"Pantal\u00f3n Kira Dorado - Martina Maletti","og_description":"El pantal\u00f3n Kira es sin\u00f3nimo de elegancia atemporal. Confeccionado en un suave tejido de viscosa, presenta un favorecedor talle alto que estiliza la figura.","og_url":"https:\/\/martinamaletti.com\/en\/product\/pantalon-kira-dorado\/","og_site_name":"Martina Maletti","article_modified_time":"2026-04-10T13:04:35+00:00","og_image":[{"width":1080,"height":1440,"url":"https:\/\/martinamaletti.com\/wp-content\/uploads\/2025\/05\/martinamaletti_img221.webp","type":"image\/webp"}],"twitter_card":"summary_large_image","twitter_misc":{"Estimated reading time":"1 minute"},"schema":{"@context":"https:\/\/schema.org","@graph":[{"@type":"WebPage","@id":"https:\/\/martinamaletti.com\/producto\/pantalon-kira-dorado\/","url":"https:\/\/martinamaletti.com\/producto\/pantalon-kira-dorado\/","name":"Pantal\u00f3n Kira Dorado - Martina Maletti","isPartOf":{"@id":"https:\/\/martinamaletti.com\/#website"},"primaryImageOfPage":{"@id":"https:\/\/martinamaletti.com\/producto\/pantalon-kira-dorado\/#primaryimage"},"image":{"@id":"https:\/\/martinamaletti.com\/producto\/pantalon-kira-dorado\/#primaryimage"},"thumbnailUrl":"https:\/\/martinamaletti.com\/wp-content\/uploads\/2025\/05\/martinamaletti_img221.webp","datePublished":"2025-06-01T19:00:31+00:00","dateModified":"2026-04-10T13:04:35+00:00","description":"El pantal\u00f3n Kira es sin\u00f3nimo de elegancia atemporal. Confeccionado en un suave tejido de viscosa, presenta un favorecedor talle alto que estiliza la figura.","breadcrumb":{"@id":"https:\/\/martinamaletti.com\/producto\/pantalon-kira-dorado\/#breadcrumb"},"inLanguage":"en-GB","potentialAction":[{"@type":"ReadAction","target":["https:\/\/martinamaletti.com\/producto\/pantalon-kira-dorado\/"]}]},{"@type":"ImageObject","inLanguage":"en-GB","@id":"https:\/\/martinamaletti.com\/producto\/pantalon-kira-dorado\/#primaryimage","url":"https:\/\/martinamaletti.com\/wp-content\/uploads\/2025\/05\/martinamaletti_img221.webp","contentUrl":"https:\/\/martinamaletti.com\/wp-content\/uploads\/2025\/05\/martinamaletti_img221.webp","width":1080,"height":1440,"caption":"imagen pantalon kira martina maletti"},{"@type":"BreadcrumbList","@id":"https:\/\/martinamaletti.com\/producto\/pantalon-kira-dorado\/#breadcrumb","itemListElement":[{"@type":"ListItem","position":1,"name":"Portada","item":"https:\/\/martinamaletti.com\/"},{"@type":"ListItem","position":2,"name":"Tienda","item":"https:\/\/martinamaletti.es\/tienda\/"},{"@type":"ListItem","position":3,"name":"Pantal\u00f3n Kira Dorado"}]},{"@type":"WebSite","@id":"https:\/\/martinamaletti.com\/#website","url":"https:\/\/martinamaletti.com\/","name":"Martina Maletti","description":"Exclusive fashion brand in Madrid","publisher":{"@id":"https:\/\/martinamaletti.com\/#organization"},"potentialAction":[{"@type":"SearchAction","target":{"@type":"EntryPoint","urlTemplate":"https:\/\/martinamaletti.com\/?s={search_term_string}"},"query-input":{"@type":"PropertyValueSpecification","valueRequired":true,"valueName":"search_term_string"}}],"inLanguage":"en-GB"},{"@type":"Organization","@id":"https:\/\/martinamaletti.com\/#organization","name":"Martina Maletti","url":"https:\/\/martinamaletti.com\/","logo":{"@type":"ImageObject","inLanguage":"en-GB","@id":"https:\/\/martinamaletti.com\/#\/schema\/logo\/image\/","url":"https:\/\/martinamaletti.com\/wp-content\/uploads\/2024\/10\/logo-martinamaletti.webp","contentUrl":"https:\/\/martinamaletti.com\/wp-content\/uploads\/2024\/10\/logo-martinamaletti.webp","width":897,"height":52,"caption":"Martina Maletti"},"image":{"@id":"https:\/\/martinamaletti.com\/#\/schema\/logo\/image\/"}}]}},"_links":{"self":[{"href":"https:\/\/martinamaletti.com\/en\/wp-json\/wp\/v2\/product\/6366","targetHints":{"allow":["GET"]}}],"collection":[{"href":"https:\/\/martinamaletti.com\/en\/wp-json\/wp\/v2\/product"}],"about":[{"href":"https:\/\/martinamaletti.com\/en\/wp-json\/wp\/v2\/types\/product"}],"wp:featuredmedia":[{"embeddable":true,"href":"https:\/\/martinamaletti.com\/en\/wp-json\/wp\/v2\/media\/6371"}],"wp:attachment":[{"href":"https:\/\/martinamaletti.com\/en\/wp-json\/wp\/v2\/media?parent=6366"}],"wp:term":[{"taxonomy":"coleccion","embeddable":true,"href":"https:\/\/martinamaletti.com\/en\/wp-json\/wp\/v2\/coleccion?post=6366"},{"taxonomy":"product_brand","embeddable":true,"href":"https:\/\/martinamaletti.com\/en\/wp-json\/wp\/v2\/product_brand?post=6366"},{"taxonomy":"product_cat","embeddable":true,"href":"https:\/\/martinamaletti.com\/en\/wp-json\/wp\/v2\/product_cat?post=6366"},{"taxonomy":"product_tag","embeddable":true,"href":"https:\/\/martinamaletti.com\/en\/wp-json\/wp\/v2\/product_tag?post=6366"}],"curies":[{"name":"wp","href":"https:\/\/api.w.org\/{rel}","templated":true}]}}