{"id":4834,"date":"2024-11-12T19:30:29","date_gmt":"2024-11-12T18:30:29","guid":{"rendered":"https:\/\/martinamaletti.com\/?post_type=product&#038;p=4834"},"modified":"2026-04-28T12:10:40","modified_gmt":"2026-04-28T11:10:40","slug":"camisa-atenea","status":"publish","type":"product","link":"https:\/\/martinamaletti.com\/en\/product\/camisa-atenea\/","title":{"rendered":"Atenea Brown Shirt"},"content":{"rendered":"<p>This brown triacetate top is a unique and elegant garment that combines the comfort of a top with the sophistication of a cape. The cape design stitched to the upper part adds a touch of drama and movement to the garment, while the back fastening and shoulder draping give it a feminine touch.<\/p>","protected":false},"excerpt":{"rendered":"<p>This brown triacetate top is a unique and elegant piece that combines the comfort of a top (inner part) with the sophistication of a cape. The stitched cape design on the top adds a touch of drama and movement to the garment, while the back fastening and draping on the shoulders add a touch of femininity.<\/p>","protected":false},"featured_media":4835,"template":"","meta":{"_acf_changed":false},"coleccion":[],"product_brand":[],"product_cat":[100,133,143],"product_tag":[],"class_list":{"0":"post-4834","1":"product","2":"type-product","3":"status-publish","4":"has-post-thumbnail","6":"product_cat-archivo","7":"product_cat-camisas","8":"product_cat-ropa","10":"first","11":"onbackorder","12":"taxable","13":"shipping-taxable","14":"purchasable","15":"product-type-variable"},"acf":[],"yoast_head":"<!-- This site is optimized with the Yoast SEO plugin v27.4 - https:\/\/yoast.com\/product\/yoast-seo-wordpress\/ -->\n<title>Camisa Atenea Marr\u00f3n - Martina Maletti<\/title>\n<meta name=\"robots\" content=\"index, follow, max-snippet:-1, max-image-preview:large, max-video-preview:-1\" \/>\n<link rel=\"canonical\" href=\"https:\/\/martinamaletti.com\/en\/product\/camisa-atenea\/\" \/>\n<meta property=\"og:locale\" content=\"en_GB\" \/>\n<meta property=\"og:type\" content=\"article\" \/>\n<meta property=\"og:title\" content=\"Camisa Atenea Marr\u00f3n - Martina Maletti\" \/>\n<meta property=\"og:description\" content=\"Este top de triacetato marr\u00f3n es una prenda \u00fanica y elegante que combina la comodidad de un top (parte interna) con la sofisticaci\u00f3n de una capa. El dise\u00f1o de la capa cosida en la parte superior a\u00f1ade un toque de drama y movimiento a la prenda, mientras que el cierre trasero y el drapeado en los hombros le dan un toque de feminidad\" \/>\n<meta property=\"og:url\" content=\"https:\/\/martinamaletti.com\/en\/product\/camisa-atenea\/\" \/>\n<meta property=\"og:site_name\" content=\"Martina Maletti\" \/>\n<meta property=\"article:modified_time\" content=\"2026-04-28T11:10:40+00:00\" \/>\n<meta property=\"og:image\" content=\"https:\/\/martinamaletti.com\/wp-content\/uploads\/2024\/11\/martinamaletti-img149.webp\" \/>\n\t<meta property=\"og:image:width\" content=\"1080\" \/>\n\t<meta property=\"og:image:height\" content=\"1440\" \/>\n\t<meta property=\"og:image:type\" content=\"image\/webp\" \/>\n<meta name=\"twitter:card\" content=\"summary_large_image\" \/>\n<meta name=\"twitter:label1\" content=\"Estimated reading time\" \/>\n\t<meta name=\"twitter:data1\" content=\"1 minute\" \/>\n<script type=\"application\/ld+json\" class=\"yoast-schema-graph\">{\"@context\":\"https:\\\/\\\/schema.org\",\"@graph\":[{\"@type\":\"WebPage\",\"@id\":\"https:\\\/\\\/martinamaletti.com\\\/producto\\\/camisa-atenea\\\/\",\"url\":\"https:\\\/\\\/martinamaletti.com\\\/producto\\\/camisa-atenea\\\/\",\"name\":\"Camisa Atenea Marr\u00f3n - Martina Maletti\",\"isPartOf\":{\"@id\":\"https:\\\/\\\/martinamaletti.com\\\/#website\"},\"primaryImageOfPage\":{\"@id\":\"https:\\\/\\\/martinamaletti.com\\\/producto\\\/camisa-atenea\\\/#primaryimage\"},\"image\":{\"@id\":\"https:\\\/\\\/martinamaletti.com\\\/producto\\\/camisa-atenea\\\/#primaryimage\"},\"thumbnailUrl\":\"https:\\\/\\\/martinamaletti.com\\\/wp-content\\\/uploads\\\/2024\\\/11\\\/martinamaletti-img149.webp\",\"datePublished\":\"2024-11-12T18:30:29+00:00\",\"dateModified\":\"2026-04-28T11:10:40+00:00\",\"breadcrumb\":{\"@id\":\"https:\\\/\\\/martinamaletti.com\\\/producto\\\/camisa-atenea\\\/#breadcrumb\"},\"inLanguage\":\"en-GB\",\"potentialAction\":[{\"@type\":\"ReadAction\",\"target\":[\"https:\\\/\\\/martinamaletti.com\\\/producto\\\/camisa-atenea\\\/\"]}]},{\"@type\":\"ImageObject\",\"inLanguage\":\"en-GB\",\"@id\":\"https:\\\/\\\/martinamaletti.com\\\/producto\\\/camisa-atenea\\\/#primaryimage\",\"url\":\"https:\\\/\\\/martinamaletti.com\\\/wp-content\\\/uploads\\\/2024\\\/11\\\/martinamaletti-img149.webp\",\"contentUrl\":\"https:\\\/\\\/martinamaletti.com\\\/wp-content\\\/uploads\\\/2024\\\/11\\\/martinamaletti-img149.webp\",\"width\":1080,\"height\":1440},{\"@type\":\"BreadcrumbList\",\"@id\":\"https:\\\/\\\/martinamaletti.com\\\/producto\\\/camisa-atenea\\\/#breadcrumb\",\"itemListElement\":[{\"@type\":\"ListItem\",\"position\":1,\"name\":\"Portada\",\"item\":\"https:\\\/\\\/martinamaletti.com\\\/\"},{\"@type\":\"ListItem\",\"position\":2,\"name\":\"Tienda\",\"item\":\"https:\\\/\\\/martinamaletti.es\\\/tienda\\\/\"},{\"@type\":\"ListItem\",\"position\":3,\"name\":\"Camisa Atenea Marr\u00f3n\"}]},{\"@type\":\"WebSite\",\"@id\":\"https:\\\/\\\/martinamaletti.com\\\/#website\",\"url\":\"https:\\\/\\\/martinamaletti.com\\\/\",\"name\":\"Martina Maletti\",\"description\":\"Marca exclusiva de moda en Madrid\",\"publisher\":{\"@id\":\"https:\\\/\\\/martinamaletti.com\\\/#organization\"},\"potentialAction\":[{\"@type\":\"SearchAction\",\"target\":{\"@type\":\"EntryPoint\",\"urlTemplate\":\"https:\\\/\\\/martinamaletti.com\\\/?s={search_term_string}\"},\"query-input\":{\"@type\":\"PropertyValueSpecification\",\"valueRequired\":true,\"valueName\":\"search_term_string\"}}],\"inLanguage\":\"en-GB\"},{\"@type\":\"Organization\",\"@id\":\"https:\\\/\\\/martinamaletti.com\\\/#organization\",\"name\":\"Martina Maletti\",\"url\":\"https:\\\/\\\/martinamaletti.com\\\/\",\"logo\":{\"@type\":\"ImageObject\",\"inLanguage\":\"en-GB\",\"@id\":\"https:\\\/\\\/martinamaletti.com\\\/#\\\/schema\\\/logo\\\/image\\\/\",\"url\":\"https:\\\/\\\/martinamaletti.com\\\/wp-content\\\/uploads\\\/2024\\\/10\\\/logo-martinamaletti.webp\",\"contentUrl\":\"https:\\\/\\\/martinamaletti.com\\\/wp-content\\\/uploads\\\/2024\\\/10\\\/logo-martinamaletti.webp\",\"width\":897,\"height\":52,\"caption\":\"Martina Maletti\"},\"image\":{\"@id\":\"https:\\\/\\\/martinamaletti.com\\\/#\\\/schema\\\/logo\\\/image\\\/\"}}]}<\/script>\n<!-- \/ Yoast SEO plugin. -->","yoast_head_json":{"title":"Camisa Atenea Marr\u00f3n - Martina Maletti","robots":{"index":"index","follow":"follow","max-snippet":"max-snippet:-1","max-image-preview":"max-image-preview:large","max-video-preview":"max-video-preview:-1"},"canonical":"https:\/\/martinamaletti.com\/en\/product\/camisa-atenea\/","og_locale":"en_GB","og_type":"article","og_title":"Camisa Atenea Marr\u00f3n - Martina Maletti","og_description":"Este top de triacetato marr\u00f3n es una prenda \u00fanica y elegante que combina la comodidad de un top (parte interna) con la sofisticaci\u00f3n de una capa. El dise\u00f1o de la capa cosida en la parte superior a\u00f1ade un toque de drama y movimiento a la prenda, mientras que el cierre trasero y el drapeado en los hombros le dan un toque de feminidad","og_url":"https:\/\/martinamaletti.com\/en\/product\/camisa-atenea\/","og_site_name":"Martina Maletti","article_modified_time":"2026-04-28T11:10:40+00:00","og_image":[{"width":1080,"height":1440,"url":"https:\/\/martinamaletti.com\/wp-content\/uploads\/2024\/11\/martinamaletti-img149.webp","type":"image\/webp"}],"twitter_card":"summary_large_image","twitter_misc":{"Estimated reading time":"1 minute"},"schema":{"@context":"https:\/\/schema.org","@graph":[{"@type":"WebPage","@id":"https:\/\/martinamaletti.com\/producto\/camisa-atenea\/","url":"https:\/\/martinamaletti.com\/producto\/camisa-atenea\/","name":"Camisa Atenea Marr\u00f3n - Martina Maletti","isPartOf":{"@id":"https:\/\/martinamaletti.com\/#website"},"primaryImageOfPage":{"@id":"https:\/\/martinamaletti.com\/producto\/camisa-atenea\/#primaryimage"},"image":{"@id":"https:\/\/martinamaletti.com\/producto\/camisa-atenea\/#primaryimage"},"thumbnailUrl":"https:\/\/martinamaletti.com\/wp-content\/uploads\/2024\/11\/martinamaletti-img149.webp","datePublished":"2024-11-12T18:30:29+00:00","dateModified":"2026-04-28T11:10:40+00:00","breadcrumb":{"@id":"https:\/\/martinamaletti.com\/producto\/camisa-atenea\/#breadcrumb"},"inLanguage":"en-GB","potentialAction":[{"@type":"ReadAction","target":["https:\/\/martinamaletti.com\/producto\/camisa-atenea\/"]}]},{"@type":"ImageObject","inLanguage":"en-GB","@id":"https:\/\/martinamaletti.com\/producto\/camisa-atenea\/#primaryimage","url":"https:\/\/martinamaletti.com\/wp-content\/uploads\/2024\/11\/martinamaletti-img149.webp","contentUrl":"https:\/\/martinamaletti.com\/wp-content\/uploads\/2024\/11\/martinamaletti-img149.webp","width":1080,"height":1440},{"@type":"BreadcrumbList","@id":"https:\/\/martinamaletti.com\/producto\/camisa-atenea\/#breadcrumb","itemListElement":[{"@type":"ListItem","position":1,"name":"Portada","item":"https:\/\/martinamaletti.com\/"},{"@type":"ListItem","position":2,"name":"Tienda","item":"https:\/\/martinamaletti.es\/tienda\/"},{"@type":"ListItem","position":3,"name":"Camisa Atenea Marr\u00f3n"}]},{"@type":"WebSite","@id":"https:\/\/martinamaletti.com\/#website","url":"https:\/\/martinamaletti.com\/","name":"Martina Maletti","description":"Exclusive fashion brand in Madrid","publisher":{"@id":"https:\/\/martinamaletti.com\/#organization"},"potentialAction":[{"@type":"SearchAction","target":{"@type":"EntryPoint","urlTemplate":"https:\/\/martinamaletti.com\/?s={search_term_string}"},"query-input":{"@type":"PropertyValueSpecification","valueRequired":true,"valueName":"search_term_string"}}],"inLanguage":"en-GB"},{"@type":"Organization","@id":"https:\/\/martinamaletti.com\/#organization","name":"Martina Maletti","url":"https:\/\/martinamaletti.com\/","logo":{"@type":"ImageObject","inLanguage":"en-GB","@id":"https:\/\/martinamaletti.com\/#\/schema\/logo\/image\/","url":"https:\/\/martinamaletti.com\/wp-content\/uploads\/2024\/10\/logo-martinamaletti.webp","contentUrl":"https:\/\/martinamaletti.com\/wp-content\/uploads\/2024\/10\/logo-martinamaletti.webp","width":897,"height":52,"caption":"Martina Maletti"},"image":{"@id":"https:\/\/martinamaletti.com\/#\/schema\/logo\/image\/"}}]}},"_links":{"self":[{"href":"https:\/\/martinamaletti.com\/en\/wp-json\/wp\/v2\/product\/4834","targetHints":{"allow":["GET"]}}],"collection":[{"href":"https:\/\/martinamaletti.com\/en\/wp-json\/wp\/v2\/product"}],"about":[{"href":"https:\/\/martinamaletti.com\/en\/wp-json\/wp\/v2\/types\/product"}],"wp:featuredmedia":[{"embeddable":true,"href":"https:\/\/martinamaletti.com\/en\/wp-json\/wp\/v2\/media\/4835"}],"wp:attachment":[{"href":"https:\/\/martinamaletti.com\/en\/wp-json\/wp\/v2\/media?parent=4834"}],"wp:term":[{"taxonomy":"coleccion","embeddable":true,"href":"https:\/\/martinamaletti.com\/en\/wp-json\/wp\/v2\/coleccion?post=4834"},{"taxonomy":"product_brand","embeddable":true,"href":"https:\/\/martinamaletti.com\/en\/wp-json\/wp\/v2\/product_brand?post=4834"},{"taxonomy":"product_cat","embeddable":true,"href":"https:\/\/martinamaletti.com\/en\/wp-json\/wp\/v2\/product_cat?post=4834"},{"taxonomy":"product_tag","embeddable":true,"href":"https:\/\/martinamaletti.com\/en\/wp-json\/wp\/v2\/product_tag?post=4834"}],"curies":[{"name":"wp","href":"https:\/\/api.w.org\/{rel}","templated":true}]}}