{"id":4819,"date":"2024-11-12T19:05:47","date_gmt":"2024-11-12T18:05:47","guid":{"rendered":"https:\/\/martinamaletti.com\/?post_type=product&#038;p=4819"},"modified":"2026-04-14T20:28:55","modified_gmt":"2026-04-14T19:28:55","slug":"panuelo-flores","status":"publish","type":"product","link":"https:\/\/martinamaletti.com\/en\/product\/panuelo-flores\/","title":{"rendered":"Flowers Scarf"},"content":{"rendered":"<p>The beige polyester scarf with vintage floral print is a versatile and elegant accessory that can add a touch of sophistication to any outfit. It is made of high quality polyester, which is made from fabric left over from production and is OEKO-TEX certified. This means that the polyester is safe for the skin and the environment.<\/p>\n<p>Beige is a neutral colour and goes with almost anything, making it an excellent choice for any occasion.<\/p>\n<p>The beige polyester scarf with a floral print can be used in many different ways. The main way is threaded through the inner waistband of the Flora skirts to give the skirt more movement and flow. You can tie it around your neck or even as a sash. You can also use it to cover your shoulders, decorate your hair, or your handbag.<\/p>\n<p>The beige polyester scarf with a vintage floral print is a perfect gift for any woman who appreciates fashion and style. It's a classic accessory that never goes out of fashion.<\/p>","protected":false},"excerpt":{"rendered":"<p>The beige polyester scarf with vintage floral print is a versatile and elegant accessory that can add a touch of sophistication to any outfit. It is made of high quality polyester, which is made from fabric left over from production and is OEKO-TEX certified. This means that the polyester is safe for the skin and the environment.<\/p>","protected":false},"featured_media":7726,"template":"","meta":{"_acf_changed":false},"coleccion":[],"product_brand":[],"product_cat":[137,100,138],"product_tag":[],"class_list":{"0":"post-4819","1":"product","2":"type-product","3":"status-publish","4":"has-post-thumbnail","6":"product_cat-accesorios","7":"product_cat-archivo","8":"product_cat-panuelos","10":"first","11":"instock","12":"taxable","13":"shipping-taxable","14":"purchasable","15":"product-type-simple"},"acf":[],"yoast_head":"<!-- This site is optimized with the Yoast SEO plugin v27.3 - https:\/\/yoast.com\/product\/yoast-seo-wordpress\/ -->\n<title>Pa\u00f1uelo Flores - Martina Maletti<\/title>\n<meta name=\"robots\" content=\"index, follow, max-snippet:-1, max-image-preview:large, max-video-preview:-1\" \/>\n<link rel=\"canonical\" href=\"https:\/\/martinamaletti.com\/en\/product\/panuelo-flores\/\" \/>\n<meta property=\"og:locale\" content=\"en_GB\" \/>\n<meta property=\"og:type\" content=\"article\" \/>\n<meta property=\"og:title\" content=\"Pa\u00f1uelo Flores - Martina Maletti\" \/>\n<meta property=\"og:description\" content=\"El pa\u00f1uelo de poli\u00e9ster beige con estampado floral vintage es un accesorio vers\u00e1til y elegante que puede a\u00f1adir un toque de sofisticaci\u00f3n a cualquier atuendo. Est\u00e1 hecho de poli\u00e9ster de alta calidad, que es de tejido sobrante de producci\u00f3n y tiene certificado OEKO-TEX. Esto significa que el poli\u00e9ster es seguro para la piel y el medio ambiente.\" \/>\n<meta property=\"og:url\" content=\"https:\/\/martinamaletti.com\/en\/product\/panuelo-flores\/\" \/>\n<meta property=\"og:site_name\" content=\"Martina Maletti\" \/>\n<meta property=\"article:modified_time\" content=\"2026-04-14T19:28:55+00:00\" \/>\n<meta property=\"og:image\" content=\"https:\/\/martinamaletti.com\/wp-content\/uploads\/2026\/01\/martinamaletti_img306.webp\" \/>\n\t<meta property=\"og:image:width\" content=\"1080\" \/>\n\t<meta property=\"og:image:height\" content=\"1440\" \/>\n\t<meta property=\"og:image:type\" content=\"image\/webp\" \/>\n<meta name=\"twitter:card\" content=\"summary_large_image\" \/>\n<meta name=\"twitter:label1\" content=\"Estimated reading time\" \/>\n\t<meta name=\"twitter:data1\" content=\"1 minute\" \/>\n<script type=\"application\/ld+json\" class=\"yoast-schema-graph\">{\"@context\":\"https:\\\/\\\/schema.org\",\"@graph\":[{\"@type\":\"WebPage\",\"@id\":\"https:\\\/\\\/martinamaletti.com\\\/producto\\\/panuelo-flores\\\/\",\"url\":\"https:\\\/\\\/martinamaletti.com\\\/producto\\\/panuelo-flores\\\/\",\"name\":\"Pa\u00f1uelo Flores - Martina Maletti\",\"isPartOf\":{\"@id\":\"https:\\\/\\\/martinamaletti.com\\\/#website\"},\"primaryImageOfPage\":{\"@id\":\"https:\\\/\\\/martinamaletti.com\\\/producto\\\/panuelo-flores\\\/#primaryimage\"},\"image\":{\"@id\":\"https:\\\/\\\/martinamaletti.com\\\/producto\\\/panuelo-flores\\\/#primaryimage\"},\"thumbnailUrl\":\"https:\\\/\\\/martinamaletti.com\\\/wp-content\\\/uploads\\\/2026\\\/01\\\/martinamaletti_img306.webp\",\"datePublished\":\"2024-11-12T18:05:47+00:00\",\"dateModified\":\"2026-04-14T19:28:55+00:00\",\"breadcrumb\":{\"@id\":\"https:\\\/\\\/martinamaletti.com\\\/producto\\\/panuelo-flores\\\/#breadcrumb\"},\"inLanguage\":\"en-GB\",\"potentialAction\":[{\"@type\":\"ReadAction\",\"target\":[\"https:\\\/\\\/martinamaletti.com\\\/producto\\\/panuelo-flores\\\/\"]}]},{\"@type\":\"ImageObject\",\"inLanguage\":\"en-GB\",\"@id\":\"https:\\\/\\\/martinamaletti.com\\\/producto\\\/panuelo-flores\\\/#primaryimage\",\"url\":\"https:\\\/\\\/martinamaletti.com\\\/wp-content\\\/uploads\\\/2026\\\/01\\\/martinamaletti_img306.webp\",\"contentUrl\":\"https:\\\/\\\/martinamaletti.com\\\/wp-content\\\/uploads\\\/2026\\\/01\\\/martinamaletti_img306.webp\",\"width\":1080,\"height\":1440},{\"@type\":\"BreadcrumbList\",\"@id\":\"https:\\\/\\\/martinamaletti.com\\\/producto\\\/panuelo-flores\\\/#breadcrumb\",\"itemListElement\":[{\"@type\":\"ListItem\",\"position\":1,\"name\":\"Portada\",\"item\":\"https:\\\/\\\/martinamaletti.com\\\/\"},{\"@type\":\"ListItem\",\"position\":2,\"name\":\"Tienda\",\"item\":\"https:\\\/\\\/martinamaletti.es\\\/tienda\\\/\"},{\"@type\":\"ListItem\",\"position\":3,\"name\":\"Pa\u00f1uelo Flores\"}]},{\"@type\":\"WebSite\",\"@id\":\"https:\\\/\\\/martinamaletti.com\\\/#website\",\"url\":\"https:\\\/\\\/martinamaletti.com\\\/\",\"name\":\"Martina Maletti\",\"description\":\"Marca exclusiva de moda en Madrid\",\"publisher\":{\"@id\":\"https:\\\/\\\/martinamaletti.com\\\/#organization\"},\"potentialAction\":[{\"@type\":\"SearchAction\",\"target\":{\"@type\":\"EntryPoint\",\"urlTemplate\":\"https:\\\/\\\/martinamaletti.com\\\/?s={search_term_string}\"},\"query-input\":{\"@type\":\"PropertyValueSpecification\",\"valueRequired\":true,\"valueName\":\"search_term_string\"}}],\"inLanguage\":\"en-GB\"},{\"@type\":\"Organization\",\"@id\":\"https:\\\/\\\/martinamaletti.com\\\/#organization\",\"name\":\"Martina Maletti\",\"url\":\"https:\\\/\\\/martinamaletti.com\\\/\",\"logo\":{\"@type\":\"ImageObject\",\"inLanguage\":\"en-GB\",\"@id\":\"https:\\\/\\\/martinamaletti.com\\\/#\\\/schema\\\/logo\\\/image\\\/\",\"url\":\"https:\\\/\\\/martinamaletti.com\\\/wp-content\\\/uploads\\\/2024\\\/10\\\/logo-martinamaletti.webp\",\"contentUrl\":\"https:\\\/\\\/martinamaletti.com\\\/wp-content\\\/uploads\\\/2024\\\/10\\\/logo-martinamaletti.webp\",\"width\":897,\"height\":52,\"caption\":\"Martina Maletti\"},\"image\":{\"@id\":\"https:\\\/\\\/martinamaletti.com\\\/#\\\/schema\\\/logo\\\/image\\\/\"}}]}<\/script>\n<!-- \/ Yoast SEO plugin. -->","yoast_head_json":{"title":"Pa\u00f1uelo Flores - Martina Maletti","robots":{"index":"index","follow":"follow","max-snippet":"max-snippet:-1","max-image-preview":"max-image-preview:large","max-video-preview":"max-video-preview:-1"},"canonical":"https:\/\/martinamaletti.com\/en\/product\/panuelo-flores\/","og_locale":"en_GB","og_type":"article","og_title":"Pa\u00f1uelo Flores - Martina Maletti","og_description":"El pa\u00f1uelo de poli\u00e9ster beige con estampado floral vintage es un accesorio vers\u00e1til y elegante que puede a\u00f1adir un toque de sofisticaci\u00f3n a cualquier atuendo. Est\u00e1 hecho de poli\u00e9ster de alta calidad, que es de tejido sobrante de producci\u00f3n y tiene certificado OEKO-TEX. Esto significa que el poli\u00e9ster es seguro para la piel y el medio ambiente.","og_url":"https:\/\/martinamaletti.com\/en\/product\/panuelo-flores\/","og_site_name":"Martina Maletti","article_modified_time":"2026-04-14T19:28:55+00:00","og_image":[{"width":1080,"height":1440,"url":"https:\/\/martinamaletti.com\/wp-content\/uploads\/2026\/01\/martinamaletti_img306.webp","type":"image\/webp"}],"twitter_card":"summary_large_image","twitter_misc":{"Estimated reading time":"1 minute"},"schema":{"@context":"https:\/\/schema.org","@graph":[{"@type":"WebPage","@id":"https:\/\/martinamaletti.com\/producto\/panuelo-flores\/","url":"https:\/\/martinamaletti.com\/producto\/panuelo-flores\/","name":"Pa\u00f1uelo Flores - Martina Maletti","isPartOf":{"@id":"https:\/\/martinamaletti.com\/#website"},"primaryImageOfPage":{"@id":"https:\/\/martinamaletti.com\/producto\/panuelo-flores\/#primaryimage"},"image":{"@id":"https:\/\/martinamaletti.com\/producto\/panuelo-flores\/#primaryimage"},"thumbnailUrl":"https:\/\/martinamaletti.com\/wp-content\/uploads\/2026\/01\/martinamaletti_img306.webp","datePublished":"2024-11-12T18:05:47+00:00","dateModified":"2026-04-14T19:28:55+00:00","breadcrumb":{"@id":"https:\/\/martinamaletti.com\/producto\/panuelo-flores\/#breadcrumb"},"inLanguage":"en-GB","potentialAction":[{"@type":"ReadAction","target":["https:\/\/martinamaletti.com\/producto\/panuelo-flores\/"]}]},{"@type":"ImageObject","inLanguage":"en-GB","@id":"https:\/\/martinamaletti.com\/producto\/panuelo-flores\/#primaryimage","url":"https:\/\/martinamaletti.com\/wp-content\/uploads\/2026\/01\/martinamaletti_img306.webp","contentUrl":"https:\/\/martinamaletti.com\/wp-content\/uploads\/2026\/01\/martinamaletti_img306.webp","width":1080,"height":1440},{"@type":"BreadcrumbList","@id":"https:\/\/martinamaletti.com\/producto\/panuelo-flores\/#breadcrumb","itemListElement":[{"@type":"ListItem","position":1,"name":"Portada","item":"https:\/\/martinamaletti.com\/"},{"@type":"ListItem","position":2,"name":"Tienda","item":"https:\/\/martinamaletti.es\/tienda\/"},{"@type":"ListItem","position":3,"name":"Pa\u00f1uelo Flores"}]},{"@type":"WebSite","@id":"https:\/\/martinamaletti.com\/#website","url":"https:\/\/martinamaletti.com\/","name":"Martina Maletti","description":"Exclusive fashion brand in Madrid","publisher":{"@id":"https:\/\/martinamaletti.com\/#organization"},"potentialAction":[{"@type":"SearchAction","target":{"@type":"EntryPoint","urlTemplate":"https:\/\/martinamaletti.com\/?s={search_term_string}"},"query-input":{"@type":"PropertyValueSpecification","valueRequired":true,"valueName":"search_term_string"}}],"inLanguage":"en-GB"},{"@type":"Organization","@id":"https:\/\/martinamaletti.com\/#organization","name":"Martina Maletti","url":"https:\/\/martinamaletti.com\/","logo":{"@type":"ImageObject","inLanguage":"en-GB","@id":"https:\/\/martinamaletti.com\/#\/schema\/logo\/image\/","url":"https:\/\/martinamaletti.com\/wp-content\/uploads\/2024\/10\/logo-martinamaletti.webp","contentUrl":"https:\/\/martinamaletti.com\/wp-content\/uploads\/2024\/10\/logo-martinamaletti.webp","width":897,"height":52,"caption":"Martina Maletti"},"image":{"@id":"https:\/\/martinamaletti.com\/#\/schema\/logo\/image\/"}}]}},"_links":{"self":[{"href":"https:\/\/martinamaletti.com\/en\/wp-json\/wp\/v2\/product\/4819","targetHints":{"allow":["GET"]}}],"collection":[{"href":"https:\/\/martinamaletti.com\/en\/wp-json\/wp\/v2\/product"}],"about":[{"href":"https:\/\/martinamaletti.com\/en\/wp-json\/wp\/v2\/types\/product"}],"wp:featuredmedia":[{"embeddable":true,"href":"https:\/\/martinamaletti.com\/en\/wp-json\/wp\/v2\/media\/7726"}],"wp:attachment":[{"href":"https:\/\/martinamaletti.com\/en\/wp-json\/wp\/v2\/media?parent=4819"}],"wp:term":[{"taxonomy":"coleccion","embeddable":true,"href":"https:\/\/martinamaletti.com\/en\/wp-json\/wp\/v2\/coleccion?post=4819"},{"taxonomy":"product_brand","embeddable":true,"href":"https:\/\/martinamaletti.com\/en\/wp-json\/wp\/v2\/product_brand?post=4819"},{"taxonomy":"product_cat","embeddable":true,"href":"https:\/\/martinamaletti.com\/en\/wp-json\/wp\/v2\/product_cat?post=4819"},{"taxonomy":"product_tag","embeddable":true,"href":"https:\/\/martinamaletti.com\/en\/wp-json\/wp\/v2\/product_tag?post=4819"}],"curies":[{"name":"wp","href":"https:\/\/api.w.org\/{rel}","templated":true}]}}