{"id":4788,"date":"2024-11-12T18:44:13","date_gmt":"2024-11-12T17:44:13","guid":{"rendered":"https:\/\/martinamaletti.com\/?post_type=product&#038;p=4788"},"modified":"2026-04-15T12:45:27","modified_gmt":"2026-04-15T11:45:27","slug":"top-frida-teja","status":"publish","type":"product","link":"https:\/\/martinamaletti.com\/en\/product\/top-frida-teja\/","title":{"rendered":"Top Frida Tile"},"content":{"rendered":"<p>The Frida top is an elegant and sophisticated garment that combines classic style with a modern twist. It is made from acetate lycra, a soft, flowing fabric that adapts perfectly to the figure and enhances the drape. The dropped sleeve detail adds a touch of originality. The russet colour is warm and versatile, perfect for any occasion.<\/p>","protected":false},"excerpt":{"rendered":"<p>The Frida top is an elegant and sophisticated garment that combines classic style with a modern twist. It is made from acetate lycra, a soft, flowing fabric that adapts perfectly to the figure and enhances the drape. The dropped sleeve detail adds a touch of originality. The russet colour is warm and versatile, perfect for any occasion.<\/p>","protected":false},"featured_media":4789,"template":"","meta":{"_acf_changed":false},"coleccion":[],"product_brand":[],"product_cat":[150,128,143,131],"product_tag":[],"class_list":{"0":"post-4788","1":"product","2":"type-product","3":"status-publish","4":"has-post-thumbnail","6":"product_cat-balck-friday","7":"product_cat-drop-1","8":"product_cat-ropa","9":"product_cat-tops","11":"first","12":"instock","13":"taxable","14":"shipping-taxable","15":"purchasable","16":"product-type-variable"},"acf":[],"yoast_head":"<!-- This site is optimized with the Yoast SEO plugin v27.3 - https:\/\/yoast.com\/product\/yoast-seo-wordpress\/ -->\n<title>Top Frida Teja - Martina Maletti<\/title>\n<meta name=\"robots\" content=\"index, follow, max-snippet:-1, max-image-preview:large, max-video-preview:-1\" \/>\n<link rel=\"canonical\" href=\"https:\/\/martinamaletti.com\/en\/product\/top-frida-teja\/\" \/>\n<meta property=\"og:locale\" content=\"en_GB\" \/>\n<meta property=\"og:type\" content=\"article\" \/>\n<meta property=\"og:title\" content=\"Top Frida Teja - Martina Maletti\" \/>\n<meta property=\"og:description\" content=\"El top Frida es una prenda elegante y sofisticada que combina el estilo cl\u00e1sico con un toque moderno. Est\u00e1 confeccionado en lycra de acetato, un tejido suave y fluido que se adapta perfectamente a la figura y realza el drapeado. El detalle de la manga ca\u00edda le da un toque de originalidad. El color teja es c\u00e1lido y vers\u00e1til, perfecto para cualquier ocasi\u00f3n.\" \/>\n<meta property=\"og:url\" content=\"https:\/\/martinamaletti.com\/en\/product\/top-frida-teja\/\" \/>\n<meta property=\"og:site_name\" content=\"Martina Maletti\" \/>\n<meta property=\"article:modified_time\" content=\"2026-04-15T11:45:27+00:00\" \/>\n<meta property=\"og:image\" content=\"https:\/\/martinamaletti.com\/wp-content\/uploads\/2024\/11\/martinamaletti-img155.webp\" \/>\n\t<meta property=\"og:image:width\" content=\"1080\" \/>\n\t<meta property=\"og:image:height\" content=\"1440\" \/>\n\t<meta property=\"og:image:type\" content=\"image\/webp\" \/>\n<meta name=\"twitter:card\" content=\"summary_large_image\" \/>\n<meta name=\"twitter:label1\" content=\"Estimated reading time\" \/>\n\t<meta name=\"twitter:data1\" content=\"1 minute\" \/>\n<script type=\"application\/ld+json\" class=\"yoast-schema-graph\">{\"@context\":\"https:\\\/\\\/schema.org\",\"@graph\":[{\"@type\":\"WebPage\",\"@id\":\"https:\\\/\\\/martinamaletti.com\\\/producto\\\/top-frida-teja\\\/\",\"url\":\"https:\\\/\\\/martinamaletti.com\\\/producto\\\/top-frida-teja\\\/\",\"name\":\"Top Frida Teja - Martina Maletti\",\"isPartOf\":{\"@id\":\"https:\\\/\\\/martinamaletti.com\\\/#website\"},\"primaryImageOfPage\":{\"@id\":\"https:\\\/\\\/martinamaletti.com\\\/producto\\\/top-frida-teja\\\/#primaryimage\"},\"image\":{\"@id\":\"https:\\\/\\\/martinamaletti.com\\\/producto\\\/top-frida-teja\\\/#primaryimage\"},\"thumbnailUrl\":\"https:\\\/\\\/martinamaletti.com\\\/wp-content\\\/uploads\\\/2024\\\/11\\\/martinamaletti-img155.webp\",\"datePublished\":\"2024-11-12T17:44:13+00:00\",\"dateModified\":\"2026-04-15T11:45:27+00:00\",\"breadcrumb\":{\"@id\":\"https:\\\/\\\/martinamaletti.com\\\/producto\\\/top-frida-teja\\\/#breadcrumb\"},\"inLanguage\":\"en-GB\",\"potentialAction\":[{\"@type\":\"ReadAction\",\"target\":[\"https:\\\/\\\/martinamaletti.com\\\/producto\\\/top-frida-teja\\\/\"]}]},{\"@type\":\"ImageObject\",\"inLanguage\":\"en-GB\",\"@id\":\"https:\\\/\\\/martinamaletti.com\\\/producto\\\/top-frida-teja\\\/#primaryimage\",\"url\":\"https:\\\/\\\/martinamaletti.com\\\/wp-content\\\/uploads\\\/2024\\\/11\\\/martinamaletti-img155.webp\",\"contentUrl\":\"https:\\\/\\\/martinamaletti.com\\\/wp-content\\\/uploads\\\/2024\\\/11\\\/martinamaletti-img155.webp\",\"width\":1080,\"height\":1440},{\"@type\":\"BreadcrumbList\",\"@id\":\"https:\\\/\\\/martinamaletti.com\\\/producto\\\/top-frida-teja\\\/#breadcrumb\",\"itemListElement\":[{\"@type\":\"ListItem\",\"position\":1,\"name\":\"Portada\",\"item\":\"https:\\\/\\\/martinamaletti.com\\\/\"},{\"@type\":\"ListItem\",\"position\":2,\"name\":\"Tienda\",\"item\":\"https:\\\/\\\/martinamaletti.es\\\/tienda\\\/\"},{\"@type\":\"ListItem\",\"position\":3,\"name\":\"Top Frida Teja\"}]},{\"@type\":\"WebSite\",\"@id\":\"https:\\\/\\\/martinamaletti.com\\\/#website\",\"url\":\"https:\\\/\\\/martinamaletti.com\\\/\",\"name\":\"Martina Maletti\",\"description\":\"Marca exclusiva de moda en Madrid\",\"publisher\":{\"@id\":\"https:\\\/\\\/martinamaletti.com\\\/#organization\"},\"potentialAction\":[{\"@type\":\"SearchAction\",\"target\":{\"@type\":\"EntryPoint\",\"urlTemplate\":\"https:\\\/\\\/martinamaletti.com\\\/?s={search_term_string}\"},\"query-input\":{\"@type\":\"PropertyValueSpecification\",\"valueRequired\":true,\"valueName\":\"search_term_string\"}}],\"inLanguage\":\"en-GB\"},{\"@type\":\"Organization\",\"@id\":\"https:\\\/\\\/martinamaletti.com\\\/#organization\",\"name\":\"Martina Maletti\",\"url\":\"https:\\\/\\\/martinamaletti.com\\\/\",\"logo\":{\"@type\":\"ImageObject\",\"inLanguage\":\"en-GB\",\"@id\":\"https:\\\/\\\/martinamaletti.com\\\/#\\\/schema\\\/logo\\\/image\\\/\",\"url\":\"https:\\\/\\\/martinamaletti.com\\\/wp-content\\\/uploads\\\/2024\\\/10\\\/logo-martinamaletti.webp\",\"contentUrl\":\"https:\\\/\\\/martinamaletti.com\\\/wp-content\\\/uploads\\\/2024\\\/10\\\/logo-martinamaletti.webp\",\"width\":897,\"height\":52,\"caption\":\"Martina Maletti\"},\"image\":{\"@id\":\"https:\\\/\\\/martinamaletti.com\\\/#\\\/schema\\\/logo\\\/image\\\/\"}}]}<\/script>\n<!-- \/ Yoast SEO plugin. -->","yoast_head_json":{"title":"Top Frida Teja - Martina Maletti","robots":{"index":"index","follow":"follow","max-snippet":"max-snippet:-1","max-image-preview":"max-image-preview:large","max-video-preview":"max-video-preview:-1"},"canonical":"https:\/\/martinamaletti.com\/en\/product\/top-frida-teja\/","og_locale":"en_GB","og_type":"article","og_title":"Top Frida Teja - Martina Maletti","og_description":"El top Frida es una prenda elegante y sofisticada que combina el estilo cl\u00e1sico con un toque moderno. Est\u00e1 confeccionado en lycra de acetato, un tejido suave y fluido que se adapta perfectamente a la figura y realza el drapeado. El detalle de la manga ca\u00edda le da un toque de originalidad. El color teja es c\u00e1lido y vers\u00e1til, perfecto para cualquier ocasi\u00f3n.","og_url":"https:\/\/martinamaletti.com\/en\/product\/top-frida-teja\/","og_site_name":"Martina Maletti","article_modified_time":"2026-04-15T11:45:27+00:00","og_image":[{"width":1080,"height":1440,"url":"https:\/\/martinamaletti.com\/wp-content\/uploads\/2024\/11\/martinamaletti-img155.webp","type":"image\/webp"}],"twitter_card":"summary_large_image","twitter_misc":{"Estimated reading time":"1 minute"},"schema":{"@context":"https:\/\/schema.org","@graph":[{"@type":"WebPage","@id":"https:\/\/martinamaletti.com\/producto\/top-frida-teja\/","url":"https:\/\/martinamaletti.com\/producto\/top-frida-teja\/","name":"Top Frida Teja - Martina Maletti","isPartOf":{"@id":"https:\/\/martinamaletti.com\/#website"},"primaryImageOfPage":{"@id":"https:\/\/martinamaletti.com\/producto\/top-frida-teja\/#primaryimage"},"image":{"@id":"https:\/\/martinamaletti.com\/producto\/top-frida-teja\/#primaryimage"},"thumbnailUrl":"https:\/\/martinamaletti.com\/wp-content\/uploads\/2024\/11\/martinamaletti-img155.webp","datePublished":"2024-11-12T17:44:13+00:00","dateModified":"2026-04-15T11:45:27+00:00","breadcrumb":{"@id":"https:\/\/martinamaletti.com\/producto\/top-frida-teja\/#breadcrumb"},"inLanguage":"en-GB","potentialAction":[{"@type":"ReadAction","target":["https:\/\/martinamaletti.com\/producto\/top-frida-teja\/"]}]},{"@type":"ImageObject","inLanguage":"en-GB","@id":"https:\/\/martinamaletti.com\/producto\/top-frida-teja\/#primaryimage","url":"https:\/\/martinamaletti.com\/wp-content\/uploads\/2024\/11\/martinamaletti-img155.webp","contentUrl":"https:\/\/martinamaletti.com\/wp-content\/uploads\/2024\/11\/martinamaletti-img155.webp","width":1080,"height":1440},{"@type":"BreadcrumbList","@id":"https:\/\/martinamaletti.com\/producto\/top-frida-teja\/#breadcrumb","itemListElement":[{"@type":"ListItem","position":1,"name":"Portada","item":"https:\/\/martinamaletti.com\/"},{"@type":"ListItem","position":2,"name":"Tienda","item":"https:\/\/martinamaletti.es\/tienda\/"},{"@type":"ListItem","position":3,"name":"Top Frida Teja"}]},{"@type":"WebSite","@id":"https:\/\/martinamaletti.com\/#website","url":"https:\/\/martinamaletti.com\/","name":"Martina Maletti","description":"Exclusive fashion brand in Madrid","publisher":{"@id":"https:\/\/martinamaletti.com\/#organization"},"potentialAction":[{"@type":"SearchAction","target":{"@type":"EntryPoint","urlTemplate":"https:\/\/martinamaletti.com\/?s={search_term_string}"},"query-input":{"@type":"PropertyValueSpecification","valueRequired":true,"valueName":"search_term_string"}}],"inLanguage":"en-GB"},{"@type":"Organization","@id":"https:\/\/martinamaletti.com\/#organization","name":"Martina Maletti","url":"https:\/\/martinamaletti.com\/","logo":{"@type":"ImageObject","inLanguage":"en-GB","@id":"https:\/\/martinamaletti.com\/#\/schema\/logo\/image\/","url":"https:\/\/martinamaletti.com\/wp-content\/uploads\/2024\/10\/logo-martinamaletti.webp","contentUrl":"https:\/\/martinamaletti.com\/wp-content\/uploads\/2024\/10\/logo-martinamaletti.webp","width":897,"height":52,"caption":"Martina Maletti"},"image":{"@id":"https:\/\/martinamaletti.com\/#\/schema\/logo\/image\/"}}]}},"_links":{"self":[{"href":"https:\/\/martinamaletti.com\/en\/wp-json\/wp\/v2\/product\/4788","targetHints":{"allow":["GET"]}}],"collection":[{"href":"https:\/\/martinamaletti.com\/en\/wp-json\/wp\/v2\/product"}],"about":[{"href":"https:\/\/martinamaletti.com\/en\/wp-json\/wp\/v2\/types\/product"}],"wp:featuredmedia":[{"embeddable":true,"href":"https:\/\/martinamaletti.com\/en\/wp-json\/wp\/v2\/media\/4789"}],"wp:attachment":[{"href":"https:\/\/martinamaletti.com\/en\/wp-json\/wp\/v2\/media?parent=4788"}],"wp:term":[{"taxonomy":"coleccion","embeddable":true,"href":"https:\/\/martinamaletti.com\/en\/wp-json\/wp\/v2\/coleccion?post=4788"},{"taxonomy":"product_brand","embeddable":true,"href":"https:\/\/martinamaletti.com\/en\/wp-json\/wp\/v2\/product_brand?post=4788"},{"taxonomy":"product_cat","embeddable":true,"href":"https:\/\/martinamaletti.com\/en\/wp-json\/wp\/v2\/product_cat?post=4788"},{"taxonomy":"product_tag","embeddable":true,"href":"https:\/\/martinamaletti.com\/en\/wp-json\/wp\/v2\/product_tag?post=4788"}],"curies":[{"name":"wp","href":"https:\/\/api.w.org\/{rel}","templated":true}]}}