{"id":2119,"date":"2023-10-18T05:37:17","date_gmt":"2023-10-18T05:37:17","guid":{"rendered":"https:\/\/martinamaletti.com\/?post_type=product&#038;p=2119"},"modified":"2026-04-07T16:08:35","modified_gmt":"2026-04-07T15:08:35","slug":"camisa-anna-marron","status":"publish","type":"product","link":"https:\/\/martinamaletti.com\/en\/product\/camisa-anna-marron\/","title":{"rendered":"Anna Brown Shirt"},"content":{"rendered":"<p>Long-sleeved shirt with an elegant draped front, adding a touch of sophistication and style to your outfit.<\/p>","protected":false},"excerpt":{"rendered":"<p>Long-sleeved shirt with an elegant draped front, adding a touch of sophistication and style to your outfit.<\/p>","protected":false},"featured_media":4464,"template":"","meta":{"_acf_changed":false},"coleccion":[97],"product_brand":[],"product_cat":[100,150,133,143],"product_tag":[],"class_list":{"0":"post-2119","1":"product","2":"type-product","3":"status-publish","4":"has-post-thumbnail","6":"coleccion-studio","7":"product_cat-archivo","8":"product_cat-balck-friday","9":"product_cat-camisas","10":"product_cat-ropa","12":"first","13":"instock","14":"taxable","15":"shipping-taxable","16":"purchasable","17":"product-type-variable"},"acf":[],"yoast_head":"<!-- This site is optimized with the Yoast SEO plugin v27.3 - https:\/\/yoast.com\/product\/yoast-seo-wordpress\/ -->\n<title>Camisa Anna Marr\u00f3n - Martina Maletti<\/title>\n<meta name=\"description\" content=\"Camisa de manga larga con un elegante drapeado en la zona frontal, que a\u00f1ade un toque de sofisticaci\u00f3n y estilo a tu atuendo.\" \/>\n<meta name=\"robots\" content=\"index, follow, max-snippet:-1, max-image-preview:large, max-video-preview:-1\" \/>\n<link rel=\"canonical\" href=\"https:\/\/martinamaletti.com\/en\/product\/camisa-anna-marron\/\" \/>\n<meta property=\"og:locale\" content=\"en_GB\" \/>\n<meta property=\"og:type\" content=\"article\" \/>\n<meta property=\"og:title\" content=\"Camisa Anna Marr\u00f3n - Martina Maletti\" \/>\n<meta property=\"og:description\" content=\"Camisa de manga larga con un elegante drapeado en la zona frontal, que a\u00f1ade un toque de sofisticaci\u00f3n y estilo a tu atuendo.\" \/>\n<meta property=\"og:url\" content=\"https:\/\/martinamaletti.com\/en\/product\/camisa-anna-marron\/\" \/>\n<meta property=\"og:site_name\" content=\"Martina Maletti\" \/>\n<meta property=\"article:modified_time\" content=\"2026-04-07T15:08:35+00:00\" \/>\n<meta property=\"og:image\" content=\"https:\/\/martinamaletti.com\/wp-content\/uploads\/2023\/10\/martinamaletti-img43.webp\" \/>\n\t<meta property=\"og:image:width\" content=\"1080\" \/>\n\t<meta property=\"og:image:height\" content=\"1440\" \/>\n\t<meta property=\"og:image:type\" content=\"image\/webp\" \/>\n<meta name=\"twitter:card\" content=\"summary_large_image\" \/>\n<meta name=\"twitter:label1\" content=\"Estimated reading time\" \/>\n\t<meta name=\"twitter:data1\" content=\"1 minute\" \/>\n<script type=\"application\/ld+json\" class=\"yoast-schema-graph\">{\"@context\":\"https:\\\/\\\/schema.org\",\"@graph\":[{\"@type\":\"WebPage\",\"@id\":\"https:\\\/\\\/martinamaletti.com\\\/producto\\\/camisa-anna-marron\\\/\",\"url\":\"https:\\\/\\\/martinamaletti.com\\\/producto\\\/camisa-anna-marron\\\/\",\"name\":\"Camisa Anna Marr\u00f3n - Martina Maletti\",\"isPartOf\":{\"@id\":\"https:\\\/\\\/martinamaletti.com\\\/#website\"},\"primaryImageOfPage\":{\"@id\":\"https:\\\/\\\/martinamaletti.com\\\/producto\\\/camisa-anna-marron\\\/#primaryimage\"},\"image\":{\"@id\":\"https:\\\/\\\/martinamaletti.com\\\/producto\\\/camisa-anna-marron\\\/#primaryimage\"},\"thumbnailUrl\":\"https:\\\/\\\/martinamaletti.com\\\/wp-content\\\/uploads\\\/2023\\\/10\\\/martinamaletti-img43.webp\",\"datePublished\":\"2023-10-18T05:37:17+00:00\",\"dateModified\":\"2026-04-07T15:08:35+00:00\",\"description\":\"Camisa de manga larga con un elegante drapeado en la zona frontal, que a\u00f1ade un toque de sofisticaci\u00f3n y estilo a tu atuendo.\",\"breadcrumb\":{\"@id\":\"https:\\\/\\\/martinamaletti.com\\\/producto\\\/camisa-anna-marron\\\/#breadcrumb\"},\"inLanguage\":\"en-GB\",\"potentialAction\":[{\"@type\":\"ReadAction\",\"target\":[\"https:\\\/\\\/martinamaletti.com\\\/producto\\\/camisa-anna-marron\\\/\"]}]},{\"@type\":\"ImageObject\",\"inLanguage\":\"en-GB\",\"@id\":\"https:\\\/\\\/martinamaletti.com\\\/producto\\\/camisa-anna-marron\\\/#primaryimage\",\"url\":\"https:\\\/\\\/martinamaletti.com\\\/wp-content\\\/uploads\\\/2023\\\/10\\\/martinamaletti-img43.webp\",\"contentUrl\":\"https:\\\/\\\/martinamaletti.com\\\/wp-content\\\/uploads\\\/2023\\\/10\\\/martinamaletti-img43.webp\",\"width\":1080,\"height\":1440},{\"@type\":\"BreadcrumbList\",\"@id\":\"https:\\\/\\\/martinamaletti.com\\\/producto\\\/camisa-anna-marron\\\/#breadcrumb\",\"itemListElement\":[{\"@type\":\"ListItem\",\"position\":1,\"name\":\"Portada\",\"item\":\"https:\\\/\\\/martinamaletti.com\\\/\"},{\"@type\":\"ListItem\",\"position\":2,\"name\":\"Tienda\",\"item\":\"https:\\\/\\\/martinamaletti.es\\\/tienda\\\/\"},{\"@type\":\"ListItem\",\"position\":3,\"name\":\"Camisa Anna Marr\u00f3n\"}]},{\"@type\":\"WebSite\",\"@id\":\"https:\\\/\\\/martinamaletti.com\\\/#website\",\"url\":\"https:\\\/\\\/martinamaletti.com\\\/\",\"name\":\"Martina Maletti\",\"description\":\"Marca exclusiva de moda en Madrid\",\"publisher\":{\"@id\":\"https:\\\/\\\/martinamaletti.com\\\/#organization\"},\"potentialAction\":[{\"@type\":\"SearchAction\",\"target\":{\"@type\":\"EntryPoint\",\"urlTemplate\":\"https:\\\/\\\/martinamaletti.com\\\/?s={search_term_string}\"},\"query-input\":{\"@type\":\"PropertyValueSpecification\",\"valueRequired\":true,\"valueName\":\"search_term_string\"}}],\"inLanguage\":\"en-GB\"},{\"@type\":\"Organization\",\"@id\":\"https:\\\/\\\/martinamaletti.com\\\/#organization\",\"name\":\"Martina Maletti\",\"url\":\"https:\\\/\\\/martinamaletti.com\\\/\",\"logo\":{\"@type\":\"ImageObject\",\"inLanguage\":\"en-GB\",\"@id\":\"https:\\\/\\\/martinamaletti.com\\\/#\\\/schema\\\/logo\\\/image\\\/\",\"url\":\"https:\\\/\\\/martinamaletti.com\\\/wp-content\\\/uploads\\\/2024\\\/10\\\/logo-martinamaletti.webp\",\"contentUrl\":\"https:\\\/\\\/martinamaletti.com\\\/wp-content\\\/uploads\\\/2024\\\/10\\\/logo-martinamaletti.webp\",\"width\":897,\"height\":52,\"caption\":\"Martina Maletti\"},\"image\":{\"@id\":\"https:\\\/\\\/martinamaletti.com\\\/#\\\/schema\\\/logo\\\/image\\\/\"}}]}<\/script>\n<!-- \/ Yoast SEO plugin. -->","yoast_head_json":{"title":"Camisa Anna Marr\u00f3n - Martina Maletti","description":"Long-sleeved shirt with an elegant draped front, adding a touch of sophistication and style to your outfit.","robots":{"index":"index","follow":"follow","max-snippet":"max-snippet:-1","max-image-preview":"max-image-preview:large","max-video-preview":"max-video-preview:-1"},"canonical":"https:\/\/martinamaletti.com\/en\/product\/camisa-anna-marron\/","og_locale":"en_GB","og_type":"article","og_title":"Camisa Anna Marr\u00f3n - Martina Maletti","og_description":"Camisa de manga larga con un elegante drapeado en la zona frontal, que a\u00f1ade un toque de sofisticaci\u00f3n y estilo a tu atuendo.","og_url":"https:\/\/martinamaletti.com\/en\/product\/camisa-anna-marron\/","og_site_name":"Martina Maletti","article_modified_time":"2026-04-07T15:08:35+00:00","og_image":[{"width":1080,"height":1440,"url":"https:\/\/martinamaletti.com\/wp-content\/uploads\/2023\/10\/martinamaletti-img43.webp","type":"image\/webp"}],"twitter_card":"summary_large_image","twitter_misc":{"Estimated reading time":"1 minute"},"schema":{"@context":"https:\/\/schema.org","@graph":[{"@type":"WebPage","@id":"https:\/\/martinamaletti.com\/producto\/camisa-anna-marron\/","url":"https:\/\/martinamaletti.com\/producto\/camisa-anna-marron\/","name":"Camisa Anna Marr\u00f3n - Martina Maletti","isPartOf":{"@id":"https:\/\/martinamaletti.com\/#website"},"primaryImageOfPage":{"@id":"https:\/\/martinamaletti.com\/producto\/camisa-anna-marron\/#primaryimage"},"image":{"@id":"https:\/\/martinamaletti.com\/producto\/camisa-anna-marron\/#primaryimage"},"thumbnailUrl":"https:\/\/martinamaletti.com\/wp-content\/uploads\/2023\/10\/martinamaletti-img43.webp","datePublished":"2023-10-18T05:37:17+00:00","dateModified":"2026-04-07T15:08:35+00:00","description":"Long-sleeved shirt with an elegant draped front, adding a touch of sophistication and style to your outfit.","breadcrumb":{"@id":"https:\/\/martinamaletti.com\/producto\/camisa-anna-marron\/#breadcrumb"},"inLanguage":"en-GB","potentialAction":[{"@type":"ReadAction","target":["https:\/\/martinamaletti.com\/producto\/camisa-anna-marron\/"]}]},{"@type":"ImageObject","inLanguage":"en-GB","@id":"https:\/\/martinamaletti.com\/producto\/camisa-anna-marron\/#primaryimage","url":"https:\/\/martinamaletti.com\/wp-content\/uploads\/2023\/10\/martinamaletti-img43.webp","contentUrl":"https:\/\/martinamaletti.com\/wp-content\/uploads\/2023\/10\/martinamaletti-img43.webp","width":1080,"height":1440},{"@type":"BreadcrumbList","@id":"https:\/\/martinamaletti.com\/producto\/camisa-anna-marron\/#breadcrumb","itemListElement":[{"@type":"ListItem","position":1,"name":"Portada","item":"https:\/\/martinamaletti.com\/"},{"@type":"ListItem","position":2,"name":"Tienda","item":"https:\/\/martinamaletti.es\/tienda\/"},{"@type":"ListItem","position":3,"name":"Camisa Anna Marr\u00f3n"}]},{"@type":"WebSite","@id":"https:\/\/martinamaletti.com\/#website","url":"https:\/\/martinamaletti.com\/","name":"Martina Maletti","description":"Exclusive fashion brand in Madrid","publisher":{"@id":"https:\/\/martinamaletti.com\/#organization"},"potentialAction":[{"@type":"SearchAction","target":{"@type":"EntryPoint","urlTemplate":"https:\/\/martinamaletti.com\/?s={search_term_string}"},"query-input":{"@type":"PropertyValueSpecification","valueRequired":true,"valueName":"search_term_string"}}],"inLanguage":"en-GB"},{"@type":"Organization","@id":"https:\/\/martinamaletti.com\/#organization","name":"Martina Maletti","url":"https:\/\/martinamaletti.com\/","logo":{"@type":"ImageObject","inLanguage":"en-GB","@id":"https:\/\/martinamaletti.com\/#\/schema\/logo\/image\/","url":"https:\/\/martinamaletti.com\/wp-content\/uploads\/2024\/10\/logo-martinamaletti.webp","contentUrl":"https:\/\/martinamaletti.com\/wp-content\/uploads\/2024\/10\/logo-martinamaletti.webp","width":897,"height":52,"caption":"Martina Maletti"},"image":{"@id":"https:\/\/martinamaletti.com\/#\/schema\/logo\/image\/"}}]}},"_links":{"self":[{"href":"https:\/\/martinamaletti.com\/en\/wp-json\/wp\/v2\/product\/2119","targetHints":{"allow":["GET"]}}],"collection":[{"href":"https:\/\/martinamaletti.com\/en\/wp-json\/wp\/v2\/product"}],"about":[{"href":"https:\/\/martinamaletti.com\/en\/wp-json\/wp\/v2\/types\/product"}],"wp:featuredmedia":[{"embeddable":true,"href":"https:\/\/martinamaletti.com\/en\/wp-json\/wp\/v2\/media\/4464"}],"wp:attachment":[{"href":"https:\/\/martinamaletti.com\/en\/wp-json\/wp\/v2\/media?parent=2119"}],"wp:term":[{"taxonomy":"coleccion","embeddable":true,"href":"https:\/\/martinamaletti.com\/en\/wp-json\/wp\/v2\/coleccion?post=2119"},{"taxonomy":"product_brand","embeddable":true,"href":"https:\/\/martinamaletti.com\/en\/wp-json\/wp\/v2\/product_brand?post=2119"},{"taxonomy":"product_cat","embeddable":true,"href":"https:\/\/martinamaletti.com\/en\/wp-json\/wp\/v2\/product_cat?post=2119"},{"taxonomy":"product_tag","embeddable":true,"href":"https:\/\/martinamaletti.com\/en\/wp-json\/wp\/v2\/product_tag?post=2119"}],"curies":[{"name":"wp","href":"https:\/\/api.w.org\/{rel}","templated":true}]}}