{"id":6739,"date":"2025-07-09T13:22:37","date_gmt":"2025-07-09T12:22:37","guid":{"rendered":"https:\/\/martinamaletti.com\/?page_id=6739"},"modified":"2026-03-03T09:28:23","modified_gmt":"2026-03-03T08:28:23","slug":"pantalones","status":"publish","type":"page","link":"https:\/\/martinamaletti.com\/en\/pantalones\/","title":{"rendered":"Trousers"},"content":{"rendered":"\t\t<div data-elementor-type=\"wp-page\" data-elementor-id=\"6739\" class=\"elementor elementor-6739\" data-elementor-post-type=\"page\">\n\t\t\t\t<div class=\"elementor-element elementor-element-b02788b e-con-full e-flex e-con e-parent\" data-id=\"b02788b\" data-element_type=\"container\" data-e-type=\"container\" data-settings=\"{&quot;background_background&quot;:&quot;classic&quot;,&quot;jet_parallax_layout_list&quot;:[]}\">\n\t\t\t\t<div class=\"elementor-element elementor-element-431b24e elementor-invisible elementor-widget elementor-widget-heading\" data-id=\"431b24e\" data-element_type=\"widget\" data-e-type=\"widget\" data-settings=\"{&quot;_animation&quot;:&quot;fadeInUp&quot;}\" data-widget_type=\"heading.default\">\n\t\t\t\t\t<h1 class=\"elementor-heading-title elementor-size-default\">Pantalones invitada<\/h1>\t\t\t\t<\/div>\n\t\t\t\t<\/div>\n\t\t<div class=\"elementor-element elementor-element-2bb44c6 e-con-full e-flex e-con e-parent\" data-id=\"2bb44c6\" data-element_type=\"container\" data-e-type=\"container\" data-settings=\"{&quot;background_background&quot;:&quot;classic&quot;,&quot;jet_parallax_layout_list&quot;:[]}\">\n\t\t<div class=\"elementor-element elementor-element-1adf4ed e-flex e-con-boxed e-con e-child\" data-id=\"1adf4ed\" data-element_type=\"container\" data-e-type=\"container\" data-settings=\"{&quot;jet_parallax_layout_list&quot;:[]}\">\n\t\t\t\t\t<div class=\"e-con-inner\">\n\t\t\t\t<div class=\"elementor-element elementor-element-f1726d8 elementor-widget__width-initial elementor-invisible elementor-widget elementor-widget-text-editor\" data-id=\"f1726d8\" data-element_type=\"widget\" data-e-type=\"widget\" data-settings=\"{&quot;_animation&quot;:&quot;fadeInUp&quot;}\" data-widget_type=\"text-editor.default\">\n\t\t\t\t\t\t\t\t\tLos pantalones de nuestra colecci\u00f3n son el equilibrio perfecto entre dise\u00f1o y funcionalidad. Con siluetas relajadas y tejidos premium, elevan lo cotidiano con una est\u00e9tica consciente.\t\t\t\t\t\t\t\t<\/div>\n\t\t\t\t\t<\/div>\n\t\t\t\t<\/div>\n\t\t\t\t<div class=\"woocommerce elementor-element elementor-element-b71f5cb elementor-grid-3 elementor-widget__width-inherit elementor-grid-tablet-2 elementor-grid-mobile-1 elementor-widget elementor-widget-loop-grid\" data-id=\"b71f5cb\" data-element_type=\"widget\" data-e-type=\"widget\" data-settings=\"{&quot;_skin&quot;:&quot;product&quot;,&quot;template_id&quot;:&quot;4747&quot;,&quot;row_gap&quot;:{&quot;unit&quot;:&quot;px&quot;,&quot;size&quot;:48,&quot;sizes&quot;:[]},&quot;columns&quot;:3,&quot;columns_tablet&quot;:&quot;2&quot;,&quot;columns_mobile&quot;:&quot;1&quot;,&quot;edit_handle_selector&quot;:&quot;[data-elementor-type=\\&quot;loop-item\\&quot;]&quot;,&quot;row_gap_tablet&quot;:{&quot;unit&quot;:&quot;px&quot;,&quot;size&quot;:&quot;&quot;,&quot;sizes&quot;:[]},&quot;row_gap_mobile&quot;:{&quot;unit&quot;:&quot;px&quot;,&quot;size&quot;:&quot;&quot;,&quot;sizes&quot;:[]}}\" data-widget_type=\"loop-grid.product\">\n\t\t\t\t<div class=\"elementor-widget-container\">\n\t\t\t\t\t\t\t<div class=\"elementor-loop-container elementor-grid\" role=\"list\">\n\t\t<style id=\"loop-4747\">.elementor-4747 .elementor-element.elementor-element-91345f2{--display:flex;--flex-direction:column;--container-widget-width:calc( ( 1 - var( --container-widget-flex-grow ) ) * 100% );--container-widget-height:initial;--container-widget-flex-grow:0;--container-widget-align-self:initial;--flex-wrap-mobile:wrap;--justify-content:flex-start;--align-items:flex-start;--gap:32px 32px;--row-gap:32px;--column-gap:32px;}.elementor-widget-theme-post-featured-image .widget-image-caption{color:var( --e-global-color-text );font-family:var( --e-global-typography-text-font-family ), Sans-serif;font-weight:var( --e-global-typography-text-font-weight );}.elementor-4747 .elementor-element.elementor-element-0e3180f{margin:0px 0px calc(var(--kit-widget-spacing, 0px) + 0px) 0px;}.elementor-4747 .elementor-element.elementor-element-45a13a7{--display:flex;--flex-direction:row;--container-widget-width:calc( ( 1 - var( --container-widget-flex-grow ) ) * 100% );--container-widget-height:100%;--container-widget-flex-grow:1;--container-widget-align-self:stretch;--flex-wrap-mobile:wrap;--justify-content:space-between;--align-items:center;--gap:0px 0px;--row-gap:0px;--column-gap:0px;}.elementor-4747 .elementor-element.elementor-element-3a1a331{--display:flex;--flex-direction:column;--container-widget-width:calc( ( 1 - var( --container-widget-flex-grow ) ) * 100% );--container-widget-height:initial;--container-widget-flex-grow:0;--container-widget-align-self:initial;--flex-wrap-mobile:wrap;--justify-content:center;--align-items:flex-start;--gap:16px 16px;--row-gap:16px;--column-gap:16px;--padding-top:0px;--padding-bottom:0px;--padding-left:0px;--padding-right:0px;}.elementor-4747 .elementor-element.elementor-element-142828c{--display:flex;--flex-direction:row;--container-widget-width:calc( ( 1 - var( --container-widget-flex-grow ) ) * 100% );--container-widget-height:100%;--container-widget-flex-grow:1;--container-widget-align-self:stretch;--flex-wrap-mobile:wrap;--justify-content:flex-start;--align-items:center;--gap:4px 4px;--row-gap:4px;--column-gap:4px;--flex-wrap:nowrap;--padding-top:0px;--padding-bottom:0px;--padding-left:0px;--padding-right:0px;}.elementor-widget-text-editor{font-family:var( --e-global-typography-text-font-family ), Sans-serif;font-weight:var( --e-global-typography-text-font-weight );color:var( --e-global-color-text );}.elementor-widget-text-editor.elementor-drop-cap-view-stacked .elementor-drop-cap{background-color:var( --e-global-color-primary );}.elementor-widget-text-editor.elementor-drop-cap-view-framed .elementor-drop-cap, .elementor-widget-text-editor.elementor-drop-cap-view-default .elementor-drop-cap{color:var( --e-global-color-primary );border-color:var( --e-global-color-primary );}.elementor-4747 .elementor-element.elementor-element-ff0e4ef{text-align:start;font-family:\"neue-haas-grotesk-display\", Sans-serif;font-size:12px;font-weight:500;text-transform:none;font-style:normal;text-decoration:none;line-height:1.2em;letter-spacing:0px;padding:6px 10px 6px 10px;width:auto;max-width:auto;background-color:var( --e-global-color-443f378 );}.elementor-4747 .elementor-element.elementor-element-4902c36{text-align:start;font-family:\"neue-haas-grotesk-display\", Sans-serif;font-size:12px;font-weight:500;text-transform:none;font-style:normal;text-decoration:none;line-height:1.2em;letter-spacing:0px;color:var( --e-global-color-primary );padding:6px 10px 6px 10px;width:auto;max-width:auto;background-color:var( --e-global-color-accent );}.elementor-widget-woocommerce-product-title .elementor-heading-title{font-family:var( --e-global-typography-primary-font-family ), Sans-serif;font-weight:var( --e-global-typography-primary-font-weight );color:var( --e-global-color-primary );}.elementor-4747 .elementor-element.elementor-element-842794e{text-align:start;margin:0px 0px calc(var(--kit-widget-spacing, 0px) + 0px) 0px;}.elementor-4747 .elementor-element.elementor-element-842794e .elementor-heading-title{font-family:\"neue-haas-grotesk-display\", Sans-serif;font-size:18px;font-weight:500;text-transform:none;font-style:normal;text-decoration:none;line-height:1em;letter-spacing:0.6px;color:var( --e-global-color-accent );}.woocommerce .elementor-widget-woocommerce-product-price .price{color:var( --e-global-color-primary );font-family:var( --e-global-typography-primary-font-family ), Sans-serif;font-weight:var( --e-global-typography-primary-font-weight );}.woocommerce .elementor-4747 .elementor-element.elementor-element-d55c097 .price{color:var( --e-global-color-text );font-family:\"neue-haas-grotesk-display\", Sans-serif;font-size:14px;font-weight:500;text-transform:none;font-style:normal;text-decoration:none;line-height:1em;letter-spacing:0.4px;}.woocommerce .elementor-4747 .elementor-element.elementor-element-fc92101 .stock{font-family:\"neue-haas-grotesk-display\", Sans-serif;font-size:14px;font-weight:500;text-transform:none;font-style:normal;text-decoration:none;}@media(min-width:768px){.elementor-4747 .elementor-element.elementor-element-3a1a331{--width:50%;}}<\/style>\t\t<div data-elementor-type=\"loop-item\" data-elementor-id=\"4747\" class=\"elementor elementor-4747 e-loop-item e-loop-item-6366 post-6366 product type-product status-publish has-post-thumbnail product_cat-drop-1 product_cat-pantalones product_cat-ropa first onbackorder taxable shipping-taxable purchasable product-type-variable\" data-elementor-post-type=\"elementor_library\" data-custom-edit-handle=\"1\">\n\t\t\t<div class=\"elementor-element elementor-element-91345f2 e-flex e-con-boxed e-con e-parent\" data-id=\"91345f2\" data-element_type=\"container\" data-e-type=\"container\" data-settings=\"{&quot;jet_parallax_layout_list&quot;:[]}\">\n\t\t\t\t\t<div class=\"e-con-inner\">\n\t\t\t\t<div class=\"elementor-element elementor-element-0e3180f elementor-invisible elementor-widget elementor-widget-theme-post-featured-image elementor-widget-image\" data-id=\"0e3180f\" data-element_type=\"widget\" data-e-type=\"widget\" data-settings=\"{&quot;_animation&quot;:&quot;fadeInUp&quot;}\" data-widget_type=\"theme-post-featured-image.default\">\n\t\t\t\t\t\t\t\t\t\t\t\t\t\t\t\t<a href=\"https:\/\/martinamaletti.com\/en\/product\/pantalon-kira-dorado\/\">\n\t\t\t\t\t\t\t<img fetchpriority=\"high\" decoding=\"async\" width=\"768\" height=\"1024\" src=\"https:\/\/martinamaletti.com\/wp-content\/uploads\/2025\/05\/martinamaletti_img221-768x1024.webp\" class=\"attachment-large size-large wp-image-6371\" alt=\"imagen pantalon kira martina maletti\" srcset=\"https:\/\/martinamaletti.com\/wp-content\/uploads\/2025\/05\/martinamaletti_img221-768x1024.webp 768w, https:\/\/martinamaletti.com\/wp-content\/uploads\/2025\/05\/martinamaletti_img221-225x300.webp 225w, https:\/\/martinamaletti.com\/wp-content\/uploads\/2025\/05\/martinamaletti_img221-600x800.webp 600w, https:\/\/martinamaletti.com\/wp-content\/uploads\/2025\/05\/martinamaletti_img221.webp 1080w\" sizes=\"(max-width: 768px) 100vw, 768px\" \/>\t\t\t\t\t\t\t\t<\/a>\n\t\t\t\t\t\t\t\t\t\t\t\t\t\t\t<\/div>\n\t\t<div class=\"elementor-element elementor-element-45a13a7 e-con-full e-flex e-con e-child\" data-id=\"45a13a7\" data-element_type=\"container\" data-e-type=\"container\" data-settings=\"{&quot;jet_parallax_layout_list&quot;:[]}\">\n\t\t<div class=\"elementor-element elementor-element-3a1a331 e-con-full e-flex e-con e-child\" data-id=\"3a1a331\" data-element_type=\"container\" data-e-type=\"container\" data-settings=\"{&quot;jet_parallax_layout_list&quot;:[]}\">\n\t\t<div class=\"elementor-element elementor-element-142828c e-con-full e-flex e-con e-child\" data-id=\"142828c\" data-element_type=\"container\" data-e-type=\"container\" data-settings=\"{&quot;jet_parallax_layout_list&quot;:[]}\">\n\t\t\t\t<div class=\"elementor-element elementor-element-ff0e4ef elementor-widget__width-auto elementor-invisible elementor-widget elementor-widget-text-editor\" data-id=\"ff0e4ef\" data-element_type=\"widget\" data-e-type=\"widget\" data-settings=\"{&quot;_animation&quot;:&quot;fadeInUp&quot;}\" data-widget_type=\"text-editor.default\">\n\t\t\t\t\t\t\t\t\tPreorder\t\t\t\t\t\t\t\t<\/div>\n\t\t\t\t<\/div>\n\t\t\t\t<div class=\"elementor-element elementor-element-842794e elementor-invisible elementor-widget elementor-widget-woocommerce-product-title elementor-page-title elementor-widget-heading\" data-id=\"842794e\" data-element_type=\"widget\" data-e-type=\"widget\" data-settings=\"{&quot;_animation&quot;:&quot;fadeInUp&quot;}\" data-widget_type=\"woocommerce-product-title.default\">\n\t\t\t\t\t<h3 class=\"product_title entry-title elementor-heading-title elementor-size-default\"><a href=\"https:\/\/martinamaletti.com\/en\/product\/pantalon-kira-dorado\/\">Pantal\u00f3n Kira Dorado<\/a><\/h3>\t\t\t\t<\/div>\n\t\t\t\t<div class=\"elementor-element elementor-element-d55c097 elementor-invisible elementor-widget elementor-widget-woocommerce-product-price\" data-id=\"d55c097\" data-element_type=\"widget\" data-e-type=\"widget\" data-settings=\"{&quot;_animation&quot;:&quot;fadeInUp&quot;}\" data-widget_type=\"woocommerce-product-price.default\">\n\t\t\t\t\t<p class=\"price\"><span class=\"woocommerce-Price-amount amount\"><bdi>220,00&nbsp;<span class=\"woocommerce-Price-currencySymbol\">&euro;<\/span><\/bdi><\/span> <small class=\"woocommerce-price-suffix\">IVA incluido<\/small><\/p>\n\t\t\t\t<\/div>\n\t\t\t\t<\/div>\n\t\t\t\t<div class=\"elementor-element elementor-element-fc92101 elementor-widget elementor-widget-woocommerce-product-stock\" data-id=\"fc92101\" data-element_type=\"widget\" data-e-type=\"widget\" data-widget_type=\"woocommerce-product-stock.default\">\n\t\t\t\t\t<p class=\"stock available-on-backorder\">Available on back-order<\/p>\n\t\t\t\t<\/div>\n\t\t\t\t<\/div>\n\t\t\t\t\t<\/div>\n\t\t\t\t<\/div>\n\t\t\t\t<\/div>\n\t\t\t\t<div data-elementor-type=\"loop-item\" data-elementor-id=\"4747\" class=\"elementor elementor-4747 e-loop-item e-loop-item-4830 post-4830 product type-product status-publish has-post-thumbnail product_cat-archivo product_cat-pantalones product_cat-ropa  instock taxable shipping-taxable purchasable product-type-variable\" data-elementor-post-type=\"elementor_library\" data-custom-edit-handle=\"1\">\n\t\t\t<div class=\"elementor-element elementor-element-91345f2 e-flex e-con-boxed e-con e-parent\" data-id=\"91345f2\" data-element_type=\"container\" data-e-type=\"container\" data-settings=\"{&quot;jet_parallax_layout_list&quot;:[]}\">\n\t\t\t\t\t<div class=\"e-con-inner\">\n\t\t\t\t<div class=\"elementor-element elementor-element-0e3180f elementor-invisible elementor-widget elementor-widget-theme-post-featured-image elementor-widget-image\" data-id=\"0e3180f\" data-element_type=\"widget\" data-e-type=\"widget\" data-settings=\"{&quot;_animation&quot;:&quot;fadeInUp&quot;}\" data-widget_type=\"theme-post-featured-image.default\">\n\t\t\t\t\t\t\t\t\t\t\t\t\t\t\t\t<a href=\"https:\/\/martinamaletti.com\/en\/product\/pantalon-alquimia\/\">\n\t\t\t\t\t\t\t<img decoding=\"async\" width=\"768\" height=\"1024\" src=\"https:\/\/martinamaletti.com\/wp-content\/uploads\/2024\/11\/martinamaletti-img149-1-768x1024.webp\" class=\"attachment-large size-large wp-image-5422\" alt=\"\" srcset=\"https:\/\/martinamaletti.com\/wp-content\/uploads\/2024\/11\/martinamaletti-img149-1-768x1024.webp 768w, https:\/\/martinamaletti.com\/wp-content\/uploads\/2024\/11\/martinamaletti-img149-1-225x300.webp 225w, https:\/\/martinamaletti.com\/wp-content\/uploads\/2024\/11\/martinamaletti-img149-1-600x800.webp 600w, https:\/\/martinamaletti.com\/wp-content\/uploads\/2024\/11\/martinamaletti-img149-1.webp 1080w\" sizes=\"(max-width: 768px) 100vw, 768px\" \/>\t\t\t\t\t\t\t\t<\/a>\n\t\t\t\t\t\t\t\t\t\t\t\t\t\t\t<\/div>\n\t\t<div class=\"elementor-element elementor-element-45a13a7 e-con-full e-flex e-con e-child\" data-id=\"45a13a7\" data-element_type=\"container\" data-e-type=\"container\" data-settings=\"{&quot;jet_parallax_layout_list&quot;:[]}\">\n\t\t<div class=\"elementor-element elementor-element-3a1a331 e-con-full e-flex e-con e-child\" data-id=\"3a1a331\" data-element_type=\"container\" data-e-type=\"container\" data-settings=\"{&quot;jet_parallax_layout_list&quot;:[]}\">\n\t\t<div class=\"elementor-element elementor-element-142828c e-con-full e-flex e-con e-child\" data-id=\"142828c\" data-element_type=\"container\" data-e-type=\"container\" data-settings=\"{&quot;jet_parallax_layout_list&quot;:[]}\">\n\t\t\t\t<div class=\"elementor-element elementor-element-ff0e4ef elementor-widget__width-auto elementor-invisible elementor-widget elementor-widget-text-editor\" data-id=\"ff0e4ef\" data-element_type=\"widget\" data-e-type=\"widget\" data-settings=\"{&quot;_animation&quot;:&quot;fadeInUp&quot;}\" data-widget_type=\"text-editor.default\">\n\t\t\t\t\t\t\t\t\tStock\t\t\t\t\t\t\t\t<\/div>\n\t\t\t\t<\/div>\n\t\t\t\t<div class=\"elementor-element elementor-element-842794e elementor-invisible elementor-widget elementor-widget-woocommerce-product-title elementor-page-title elementor-widget-heading\" data-id=\"842794e\" data-element_type=\"widget\" data-e-type=\"widget\" data-settings=\"{&quot;_animation&quot;:&quot;fadeInUp&quot;}\" data-widget_type=\"woocommerce-product-title.default\">\n\t\t\t\t\t<h3 class=\"product_title entry-title elementor-heading-title elementor-size-default\"><a href=\"https:\/\/martinamaletti.com\/en\/product\/pantalon-alquimia\/\">Pantal\u00f3n Alquimia<\/a><\/h3>\t\t\t\t<\/div>\n\t\t\t\t<div class=\"elementor-element elementor-element-d55c097 elementor-invisible elementor-widget elementor-widget-woocommerce-product-price\" data-id=\"d55c097\" data-element_type=\"widget\" data-e-type=\"widget\" data-settings=\"{&quot;_animation&quot;:&quot;fadeInUp&quot;}\" data-widget_type=\"woocommerce-product-price.default\">\n\t\t\t\t\t<p class=\"price\"><span class=\"woocommerce-Price-amount amount\"><bdi>180,00&nbsp;<span class=\"woocommerce-Price-currencySymbol\">&euro;<\/span><\/bdi><\/span> <small class=\"woocommerce-price-suffix\">IVA incluido<\/small><\/p>\n\t\t\t\t<\/div>\n\t\t\t\t<\/div>\n\t\t\t\t<\/div>\n\t\t\t\t\t<\/div>\n\t\t\t\t<\/div>\n\t\t\t\t<\/div>\n\t\t\t\t<\/div>\n\t\t\n\t\t\t\t\t\t<\/div>\n\t\t\t\t<\/div>\n\t\t\t\t<\/div>\n\t\t\t\t<\/div>\n\t\t","protected":false},"excerpt":{"rendered":"<p>Pantalones invitada Los pantalones de nuestra colecci\u00f3n son el equilibrio perfecto entre dise\u00f1o y funcionalidad. Con siluetas relajadas y tejidos premium, elevan lo cotidiano con una est\u00e9tica consciente.<\/p>","protected":false},"author":130,"featured_media":0,"parent":0,"menu_order":0,"comment_status":"closed","ping_status":"closed","template":"","meta":{"_acf_changed":false,"footnotes":""},"class_list":["post-6739","page","type-page","status-publish","hentry"],"acf":[],"yoast_head":"<!-- This site is optimized with the Yoast SEO plugin v27.3 - https:\/\/yoast.com\/product\/yoast-seo-wordpress\/ -->\n<title>Pantalones Invitada Boda Elegantes | Martina Maletti<\/title>\n<meta name=\"description\" content=\"Nueva colecci\u00f3n de pantalones de invitada de boda elegantes. Dise\u00f1os exclusivos, ideales para crear conjuntos refinados y actuales para todo tipo de eventos\" \/>\n<meta name=\"robots\" content=\"index, follow, max-snippet:-1, max-image-preview:large, max-video-preview:-1\" \/>\n<link rel=\"canonical\" href=\"https:\/\/martinamaletti.com\/en\/pantalones\/\" \/>\n<meta property=\"og:locale\" content=\"en_GB\" \/>\n<meta property=\"og:type\" content=\"article\" \/>\n<meta property=\"og:title\" content=\"Pantalones Invitada Boda Elegantes | Martina Maletti\" \/>\n<meta property=\"og:description\" content=\"Nueva colecci\u00f3n de pantalones de invitada de boda elegantes. Dise\u00f1os exclusivos, ideales para crear conjuntos refinados y actuales para todo tipo de eventos\" \/>\n<meta property=\"og:url\" content=\"https:\/\/martinamaletti.com\/en\/pantalones\/\" \/>\n<meta property=\"og:site_name\" content=\"Martina Maletti\" \/>\n<meta property=\"article:modified_time\" content=\"2026-03-03T08:28:23+00:00\" \/>\n<meta name=\"twitter:card\" content=\"summary_large_image\" \/>\n<meta name=\"twitter:label1\" content=\"Estimated reading time\" \/>\n\t<meta name=\"twitter:data1\" content=\"1 minute\" \/>\n<script type=\"application\/ld+json\" class=\"yoast-schema-graph\">{\"@context\":\"https:\\\/\\\/schema.org\",\"@graph\":[{\"@type\":\"WebPage\",\"@id\":\"https:\\\/\\\/martinamaletti.com\\\/pantalones\\\/\",\"url\":\"https:\\\/\\\/martinamaletti.com\\\/pantalones\\\/\",\"name\":\"Pantalones Invitada Boda Elegantes | Martina Maletti\",\"isPartOf\":{\"@id\":\"https:\\\/\\\/martinamaletti.com\\\/#website\"},\"datePublished\":\"2025-07-09T12:22:37+00:00\",\"dateModified\":\"2026-03-03T08:28:23+00:00\",\"description\":\"Nueva colecci\u00f3n de pantalones de invitada de boda elegantes. Dise\u00f1os exclusivos, ideales para crear conjuntos refinados y actuales para todo tipo de eventos\",\"breadcrumb\":{\"@id\":\"https:\\\/\\\/martinamaletti.com\\\/pantalones\\\/#breadcrumb\"},\"inLanguage\":\"en-GB\",\"potentialAction\":[{\"@type\":\"ReadAction\",\"target\":[\"https:\\\/\\\/martinamaletti.com\\\/pantalones\\\/\"]}]},{\"@type\":\"BreadcrumbList\",\"@id\":\"https:\\\/\\\/martinamaletti.com\\\/pantalones\\\/#breadcrumb\",\"itemListElement\":[{\"@type\":\"ListItem\",\"position\":1,\"name\":\"Portada\",\"item\":\"https:\\\/\\\/martinamaletti.com\\\/\"},{\"@type\":\"ListItem\",\"position\":2,\"name\":\"Pantalones\"}]},{\"@type\":\"WebSite\",\"@id\":\"https:\\\/\\\/martinamaletti.com\\\/#website\",\"url\":\"https:\\\/\\\/martinamaletti.com\\\/\",\"name\":\"Martina Maletti\",\"description\":\"Marca exclusiva de moda en Madrid\",\"publisher\":{\"@id\":\"https:\\\/\\\/martinamaletti.com\\\/#organization\"},\"potentialAction\":[{\"@type\":\"SearchAction\",\"target\":{\"@type\":\"EntryPoint\",\"urlTemplate\":\"https:\\\/\\\/martinamaletti.com\\\/?s={search_term_string}\"},\"query-input\":{\"@type\":\"PropertyValueSpecification\",\"valueRequired\":true,\"valueName\":\"search_term_string\"}}],\"inLanguage\":\"en-GB\"},{\"@type\":\"Organization\",\"@id\":\"https:\\\/\\\/martinamaletti.com\\\/#organization\",\"name\":\"Martina Maletti\",\"url\":\"https:\\\/\\\/martinamaletti.com\\\/\",\"logo\":{\"@type\":\"ImageObject\",\"inLanguage\":\"en-GB\",\"@id\":\"https:\\\/\\\/martinamaletti.com\\\/#\\\/schema\\\/logo\\\/image\\\/\",\"url\":\"https:\\\/\\\/martinamaletti.com\\\/wp-content\\\/uploads\\\/2024\\\/10\\\/logo-martinamaletti.webp\",\"contentUrl\":\"https:\\\/\\\/martinamaletti.com\\\/wp-content\\\/uploads\\\/2024\\\/10\\\/logo-martinamaletti.webp\",\"width\":897,\"height\":52,\"caption\":\"Martina Maletti\"},\"image\":{\"@id\":\"https:\\\/\\\/martinamaletti.com\\\/#\\\/schema\\\/logo\\\/image\\\/\"}}]}<\/script>\n<!-- \/ Yoast SEO plugin. -->","yoast_head_json":{"title":"Pantalones Invitada Boda Elegantes | Martina Maletti","description":"Nueva colecci\u00f3n de pantalones de invitada de boda elegantes. Dise\u00f1os exclusivos, ideales para crear conjuntos refinados y actuales para todo tipo de eventos","robots":{"index":"index","follow":"follow","max-snippet":"max-snippet:-1","max-image-preview":"max-image-preview:large","max-video-preview":"max-video-preview:-1"},"canonical":"https:\/\/martinamaletti.com\/en\/pantalones\/","og_locale":"en_GB","og_type":"article","og_title":"Pantalones Invitada Boda Elegantes | Martina Maletti","og_description":"Nueva colecci\u00f3n de pantalones de invitada de boda elegantes. Dise\u00f1os exclusivos, ideales para crear conjuntos refinados y actuales para todo tipo de eventos","og_url":"https:\/\/martinamaletti.com\/en\/pantalones\/","og_site_name":"Martina Maletti","article_modified_time":"2026-03-03T08:28:23+00:00","twitter_card":"summary_large_image","twitter_misc":{"Estimated reading time":"1 minute"},"schema":{"@context":"https:\/\/schema.org","@graph":[{"@type":"WebPage","@id":"https:\/\/martinamaletti.com\/pantalones\/","url":"https:\/\/martinamaletti.com\/pantalones\/","name":"Pantalones Invitada Boda Elegantes | Martina Maletti","isPartOf":{"@id":"https:\/\/martinamaletti.com\/#website"},"datePublished":"2025-07-09T12:22:37+00:00","dateModified":"2026-03-03T08:28:23+00:00","description":"Nueva colecci\u00f3n de pantalones de invitada de boda elegantes. Dise\u00f1os exclusivos, ideales para crear conjuntos refinados y actuales para todo tipo de eventos","breadcrumb":{"@id":"https:\/\/martinamaletti.com\/pantalones\/#breadcrumb"},"inLanguage":"en-GB","potentialAction":[{"@type":"ReadAction","target":["https:\/\/martinamaletti.com\/pantalones\/"]}]},{"@type":"BreadcrumbList","@id":"https:\/\/martinamaletti.com\/pantalones\/#breadcrumb","itemListElement":[{"@type":"ListItem","position":1,"name":"Portada","item":"https:\/\/martinamaletti.com\/"},{"@type":"ListItem","position":2,"name":"Pantalones"}]},{"@type":"WebSite","@id":"https:\/\/martinamaletti.com\/#website","url":"https:\/\/martinamaletti.com\/","name":"Martina Maletti","description":"Exclusive fashion brand in Madrid","publisher":{"@id":"https:\/\/martinamaletti.com\/#organization"},"potentialAction":[{"@type":"SearchAction","target":{"@type":"EntryPoint","urlTemplate":"https:\/\/martinamaletti.com\/?s={search_term_string}"},"query-input":{"@type":"PropertyValueSpecification","valueRequired":true,"valueName":"search_term_string"}}],"inLanguage":"en-GB"},{"@type":"Organization","@id":"https:\/\/martinamaletti.com\/#organization","name":"Martina Maletti","url":"https:\/\/martinamaletti.com\/","logo":{"@type":"ImageObject","inLanguage":"en-GB","@id":"https:\/\/martinamaletti.com\/#\/schema\/logo\/image\/","url":"https:\/\/martinamaletti.com\/wp-content\/uploads\/2024\/10\/logo-martinamaletti.webp","contentUrl":"https:\/\/martinamaletti.com\/wp-content\/uploads\/2024\/10\/logo-martinamaletti.webp","width":897,"height":52,"caption":"Martina Maletti"},"image":{"@id":"https:\/\/martinamaletti.com\/#\/schema\/logo\/image\/"}}]}},"_links":{"self":[{"href":"https:\/\/martinamaletti.com\/en\/wp-json\/wp\/v2\/pages\/6739","targetHints":{"allow":["GET"]}}],"collection":[{"href":"https:\/\/martinamaletti.com\/en\/wp-json\/wp\/v2\/pages"}],"about":[{"href":"https:\/\/martinamaletti.com\/en\/wp-json\/wp\/v2\/types\/page"}],"author":[{"embeddable":true,"href":"https:\/\/martinamaletti.com\/en\/wp-json\/wp\/v2\/users\/130"}],"replies":[{"embeddable":true,"href":"https:\/\/martinamaletti.com\/en\/wp-json\/wp\/v2\/comments?post=6739"}],"version-history":[{"count":3,"href":"https:\/\/martinamaletti.com\/en\/wp-json\/wp\/v2\/pages\/6739\/revisions"}],"predecessor-version":[{"id":7939,"href":"https:\/\/martinamaletti.com\/en\/wp-json\/wp\/v2\/pages\/6739\/revisions\/7939"}],"wp:attachment":[{"href":"https:\/\/martinamaletti.com\/en\/wp-json\/wp\/v2\/media?parent=6739"}],"curies":[{"name":"wp","href":"https:\/\/api.w.org\/{rel}","templated":true}]}}