{"id":5361,"date":"2024-11-16T20:04:48","date_gmt":"2024-11-16T19:04:48","guid":{"rendered":"https:\/\/martinamaletti.com\/?page_id=5361"},"modified":"2024-11-20T12:56:48","modified_gmt":"2024-11-20T11:56:48","slug":"lavado","status":"publish","type":"page","link":"https:\/\/martinamaletti.com\/en\/lavado\/","title":{"rendered":"Washing"},"content":{"rendered":"<div data-elementor-type=\"wp-page\" data-elementor-id=\"5361\" class=\"elementor elementor-5361\" data-elementor-post-type=\"page\">\n\t\t\t\t<div class=\"elementor-element elementor-element-34afac0 e-con-full e-flex e-con e-parent\" data-id=\"34afac0\" data-element_type=\"container\" data-e-type=\"container\" data-settings=\"{&quot;background_background&quot;:&quot;classic&quot;,&quot;jet_parallax_layout_list&quot;:[]}\">\n\t\t<div class=\"elementor-element elementor-element-c30637d e-flex e-con-boxed e-con e-child\" data-id=\"c30637d\" data-element_type=\"container\" data-e-type=\"container\" data-settings=\"{&quot;jet_parallax_layout_list&quot;:[]}\">\n\t\t\t\t\t<div class=\"e-con-inner\">\n\t\t\t\t<div class=\"elementor-element elementor-element-320bf18 elementor-widget__width-initial elementor-invisible elementor-widget elementor-widget-heading\" data-id=\"320bf18\" data-element_type=\"widget\" data-e-type=\"widget\" data-settings=\"{&quot;_animation&quot;:&quot;fadeInUp&quot;}\" data-widget_type=\"heading.default\">\n\t\t\t\t\t<h2 class=\"elementor-heading-title elementor-size-default\"><span style=\"font-style: italic;font-weight: 300;font-family: ivyora-display\">Washing and ironing<\/span> <\/h2>\t\t\t\t<\/div>\n\t\t\t\t\t<\/div>\n\t\t\t\t<\/div>\n\t\t<div class=\"elementor-element elementor-element-dcb8725 e-flex e-con-boxed e-con e-child\" data-id=\"dcb8725\" data-element_type=\"container\" data-e-type=\"container\" data-settings=\"{&quot;jet_parallax_layout_list&quot;:[]}\">\n\t\t\t\t\t<div class=\"e-con-inner\">\n\t\t\t\t<div class=\"elementor-element elementor-element-d6e2c87 elementor-widget__width-initial elementor-invisible elementor-widget elementor-widget-text-editor\" data-id=\"d6e2c87\" data-element_type=\"widget\" data-e-type=\"widget\" data-settings=\"{&quot;_animation&quot;:&quot;fadeInUp&quot;}\" data-widget_type=\"text-editor.default\">\n\t\t\t\t\t\t\t\t\tWashing is essential to keep our fabrics in optimum condition. Through this process, we remove dirt, stains and the remains of products that can damage the fibres. In addition, washing helps to restore the softness and shine of fabrics, preventing them from hardening or discolouring. Proper washing prevents premature wear and tear of garments, prolonging their life and allowing them to look like new for longer. Each fabric has specific needs, so it is important to follow the care instructions to ensure the best results.\t\t\t\t\t\t\t\t<\/div>\n\t\t\t\t\t<\/div>\n\t\t\t\t<\/div>\n\t\t\t\t<div class=\"elementor-element elementor-element-9cf9610 elementor-widget elementor-widget-jet-table\" data-id=\"9cf9610\" data-element_type=\"widget\" data-e-type=\"widget\" data-widget_type=\"jet-table.default\">\n\t\t\t\t<div class=\"elementor-widget-container\">\n\t\t\t\t\t<div class=\"elementor-jet-table jet-elements\">\n\t\t<div class=\"jet-table-wrapper jet-table-responsive-mobile\">\n\t\t\t<table class=\"jet-table jet-table--fa5-compat\">\n\t\t\t\t<thead class=\"jet-table__head\"><tr class=\"jet-table__head-row\"><th class=\"jet-table__cell elementor-repeater-item-896becd jet-table__head-cell\" scope=\"col\"><div class=\"jet-table__cell-inner\"><div class=\"jet-table__cell-content\"><div class=\"jet-table__cell-text\">Fabric<\/div><\/div><\/div><\/th><th class=\"jet-table__cell elementor-repeater-item-bab5145 jet-table__head-cell\" scope=\"col\"><div class=\"jet-table__cell-inner\"><div class=\"jet-table__cell-content\"><div class=\"jet-table__cell-text\">Washing<\/div><\/div><\/div><\/th><th class=\"jet-table__cell elementor-repeater-item-82a0f76 jet-table__head-cell\" scope=\"col\"><div class=\"jet-table__cell-inner\"><div class=\"jet-table__cell-content\"><div class=\"jet-table__cell-text\">Drying<\/div><\/div><\/div><\/th><th class=\"jet-table__cell elementor-repeater-item-04eecfa jet-table__head-cell\" scope=\"col\"><div class=\"jet-table__cell-inner\"><div class=\"jet-table__cell-content\"><div class=\"jet-table__cell-text\">Ironing<\/div><\/div><\/div><\/th><th class=\"jet-table__cell elementor-repeater-item-fceea0c jet-table__head-cell\" scope=\"col\"><div class=\"jet-table__cell-inner\"><div class=\"jet-table__cell-content\"><div class=\"jet-table__cell-text\">Additional notes<\/div><\/div><\/div><\/th><\/tr><\/thead>\n\t\t\t\t\t\t\t\t<tbody class=\"jet-table__body\"><tr class=\"jet-table__body-row elementor-repeater-item-26a70c3\"><td class=\"jet-table__cell elementor-repeater-item-f6af38a jet-table__body-cell\" colspan=\"1\" rowspan=\"10\"><div class=\"jet-table__cell-inner\"><div class=\"jet-table__cell-content\"><div class=\"jet-table__cell-text\">Cotton<br>\nWool<br>\nSilk<br>\nViscose<br>\nPolyester<br>\nCupro<br>\nTencel<br>\nCashmere<br>\nTriacetate<br>\nSilk organza<br>\nSilk gauze<br><\/div><\/div><\/div><\/td><td class=\"jet-table__cell elementor-repeater-item-560d310 jet-table__body-cell\"><div class=\"jet-table__cell-inner\"><div class=\"jet-table__cell-content\"><div class=\"jet-table__cell-text\">Machine or hand, warm water.<br>\nBy hand or wool programme, cold water.<br>\nHand wash, cold water, mild detergent.<br>\nDelicate, cold water.<br>\nMachine, warm water.<br>\nDelicate, hand wash or machine wash with specific programme, cold water.<br>\nMachine or hand, warm water.<br>\nHand wash, cold water, special detergent.<br>\nDelicate, hand wash or machine wash with specific programme, cold water.<br>\nDry cleaning recommended.<br>\nDry cleaning recommended.<\/div><\/div><\/div><\/td><td class=\"jet-table__cell elementor-repeater-item-d697b8e jet-table__body-cell\"><div class=\"jet-table__cell-inner\"><div class=\"jet-table__cell-content\"><div class=\"jet-table__cell-text\">Dryer or air dryer.<br>\nOpen air, flat.<br>\nOpen air, shade.<br>\nOpen air, shade.<br>\nDryer or air dryer.<br>\nOpen air, shade.<br>\nLow-temperature tumble dryer or air dryer.<br>\nOpen air, flat.<br>\nOpen air, shade.<br>\nHang to dry.<br>\nHang to dry.<br><\/div><\/div><\/div><\/td><td class=\"jet-table__cell elementor-repeater-item-048b8bf jet-table__body-cell\"><div class=\"jet-table__cell-inner\"><div class=\"jet-table__cell-content\"><div class=\"jet-table__cell-text\">High temperature.<br>\nNot recommended.<br>\nLow temperature, reverse.<br>\nLow temperature, reverse.<br>\nHalf-temperature, reverse.<br>\nLow temperature, reverse.<br>\nLow temperature, reverse.<br>\nNot recommended.<br>\nLow temperature, reverse.<br>\nDo not iron.<br>\nDo not iron.<br><\/div><\/div><\/div><\/td><td class=\"jet-table__cell elementor-repeater-item-ce62bc6 jet-table__body-cell\"><div class=\"jet-table__cell-inner\"><div class=\"jet-table__cell-content\"><div class=\"jet-table__cell-text\">Hard-wearing, easy to care for.<br>\nDelicate, requires special care.<br>\nDelicate, requires special care.<br>\nSoft, may shrink.<br>\nHard-wearing, easy to care for.<br>\nSilk-like, delicate.<br>\nSoft, durable, environmentally friendly.<br>\nExtremely delicate.<br>\nSoft, crease resistant.<br>\nExtremely delicate.<br>\nExtremely delicate.<\/div><\/div><\/div><\/td><\/tr><\/tbody>\n\t\t\t<\/table>\n\t\t<\/div>\n\n\t\t<\/div>\t\t\t\t<\/div>\n\t\t\t\t<\/div>\n\t\t\t\t<\/div>\n\t\t\t\t<\/div>","protected":false},"excerpt":{"rendered":"<p>Lavado y planchado El lavado es fundamental para mantener nuestras telas en \u00f3ptimas condiciones. A trav\u00e9s de este proceso, eliminamos la suciedad, las manchas y los restos de productos que pueden da\u00f1ar las fibras. Adem\u00e1s, el lavado ayuda a restaurar la suavidad y el brillo de los tejidos, evitando que se endurezcan o se decoloren. [&hellip;]<\/p>\n","protected":false},"author":130,"featured_media":0,"parent":0,"menu_order":0,"comment_status":"closed","ping_status":"closed","template":"","meta":{"_acf_changed":false,"footnotes":""},"class_list":["post-5361","page","type-page","status-publish","hentry"],"acf":[],"yoast_head":"<!-- This site is optimized with the Yoast SEO plugin v27.4 - https:\/\/yoast.com\/product\/yoast-seo-wordpress\/ -->\n<title>Lavado - Martina Maletti<\/title>\n<meta name=\"robots\" content=\"index, follow, max-snippet:-1, max-image-preview:large, max-video-preview:-1\" \/>\n<link rel=\"canonical\" href=\"https:\/\/martinamaletti.com\/en\/lavado\/\" \/>\n<meta property=\"og:locale\" content=\"en_GB\" \/>\n<meta property=\"og:type\" content=\"article\" \/>\n<meta property=\"og:title\" content=\"Lavado - Martina Maletti\" \/>\n<meta property=\"og:description\" content=\"Lavado y planchado El lavado es fundamental para mantener nuestras telas en \u00f3ptimas condiciones. A trav\u00e9s de este proceso, eliminamos la suciedad, las manchas y los restos de productos que pueden da\u00f1ar las fibras. Adem\u00e1s, el lavado ayuda a restaurar la suavidad y el brillo de los tejidos, evitando que se endurezcan o se decoloren. [&hellip;]\" \/>\n<meta property=\"og:url\" content=\"https:\/\/martinamaletti.com\/en\/lavado\/\" \/>\n<meta property=\"og:site_name\" content=\"Martina Maletti\" \/>\n<meta property=\"article:modified_time\" content=\"2024-11-20T11:56:48+00:00\" \/>\n<meta name=\"twitter:card\" content=\"summary_large_image\" \/>\n<meta name=\"twitter:label1\" content=\"Estimated reading time\" \/>\n\t<meta name=\"twitter:data1\" content=\"2 minutes\" \/>\n<script type=\"application\/ld+json\" class=\"yoast-schema-graph\">{\"@context\":\"https:\\\/\\\/schema.org\",\"@graph\":[{\"@type\":\"WebPage\",\"@id\":\"https:\\\/\\\/martinamaletti.com\\\/lavado\\\/\",\"url\":\"https:\\\/\\\/martinamaletti.com\\\/lavado\\\/\",\"name\":\"Lavado - Martina Maletti\",\"isPartOf\":{\"@id\":\"https:\\\/\\\/martinamaletti.com\\\/#website\"},\"datePublished\":\"2024-11-16T19:04:48+00:00\",\"dateModified\":\"2024-11-20T11:56:48+00:00\",\"breadcrumb\":{\"@id\":\"https:\\\/\\\/martinamaletti.com\\\/lavado\\\/#breadcrumb\"},\"inLanguage\":\"en-GB\",\"potentialAction\":[{\"@type\":\"ReadAction\",\"target\":[\"https:\\\/\\\/martinamaletti.com\\\/lavado\\\/\"]}]},{\"@type\":\"BreadcrumbList\",\"@id\":\"https:\\\/\\\/martinamaletti.com\\\/lavado\\\/#breadcrumb\",\"itemListElement\":[{\"@type\":\"ListItem\",\"position\":1,\"name\":\"Portada\",\"item\":\"https:\\\/\\\/martinamaletti.com\\\/\"},{\"@type\":\"ListItem\",\"position\":2,\"name\":\"Lavado\"}]},{\"@type\":\"WebSite\",\"@id\":\"https:\\\/\\\/martinamaletti.com\\\/#website\",\"url\":\"https:\\\/\\\/martinamaletti.com\\\/\",\"name\":\"Martina Maletti\",\"description\":\"Marca exclusiva de moda en Madrid\",\"publisher\":{\"@id\":\"https:\\\/\\\/martinamaletti.com\\\/#organization\"},\"potentialAction\":[{\"@type\":\"SearchAction\",\"target\":{\"@type\":\"EntryPoint\",\"urlTemplate\":\"https:\\\/\\\/martinamaletti.com\\\/?s={search_term_string}\"},\"query-input\":{\"@type\":\"PropertyValueSpecification\",\"valueRequired\":true,\"valueName\":\"search_term_string\"}}],\"inLanguage\":\"en-GB\"},{\"@type\":\"Organization\",\"@id\":\"https:\\\/\\\/martinamaletti.com\\\/#organization\",\"name\":\"Martina Maletti\",\"url\":\"https:\\\/\\\/martinamaletti.com\\\/\",\"logo\":{\"@type\":\"ImageObject\",\"inLanguage\":\"en-GB\",\"@id\":\"https:\\\/\\\/martinamaletti.com\\\/#\\\/schema\\\/logo\\\/image\\\/\",\"url\":\"https:\\\/\\\/martinamaletti.com\\\/wp-content\\\/uploads\\\/2024\\\/10\\\/logo-martinamaletti.webp\",\"contentUrl\":\"https:\\\/\\\/martinamaletti.com\\\/wp-content\\\/uploads\\\/2024\\\/10\\\/logo-martinamaletti.webp\",\"width\":897,\"height\":52,\"caption\":\"Martina Maletti\"},\"image\":{\"@id\":\"https:\\\/\\\/martinamaletti.com\\\/#\\\/schema\\\/logo\\\/image\\\/\"}}]}<\/script>\n<!-- \/ Yoast SEO plugin. -->","yoast_head_json":{"title":"Lavado - Martina Maletti","robots":{"index":"index","follow":"follow","max-snippet":"max-snippet:-1","max-image-preview":"max-image-preview:large","max-video-preview":"max-video-preview:-1"},"canonical":"https:\/\/martinamaletti.com\/en\/lavado\/","og_locale":"en_GB","og_type":"article","og_title":"Lavado - Martina Maletti","og_description":"Lavado y planchado El lavado es fundamental para mantener nuestras telas en \u00f3ptimas condiciones. A trav\u00e9s de este proceso, eliminamos la suciedad, las manchas y los restos de productos que pueden da\u00f1ar las fibras. Adem\u00e1s, el lavado ayuda a restaurar la suavidad y el brillo de los tejidos, evitando que se endurezcan o se decoloren. [&hellip;]","og_url":"https:\/\/martinamaletti.com\/en\/lavado\/","og_site_name":"Martina Maletti","article_modified_time":"2024-11-20T11:56:48+00:00","twitter_card":"summary_large_image","twitter_misc":{"Estimated reading time":"2 minutes"},"schema":{"@context":"https:\/\/schema.org","@graph":[{"@type":"WebPage","@id":"https:\/\/martinamaletti.com\/lavado\/","url":"https:\/\/martinamaletti.com\/lavado\/","name":"Lavado - Martina Maletti","isPartOf":{"@id":"https:\/\/martinamaletti.com\/#website"},"datePublished":"2024-11-16T19:04:48+00:00","dateModified":"2024-11-20T11:56:48+00:00","breadcrumb":{"@id":"https:\/\/martinamaletti.com\/lavado\/#breadcrumb"},"inLanguage":"en-GB","potentialAction":[{"@type":"ReadAction","target":["https:\/\/martinamaletti.com\/lavado\/"]}]},{"@type":"BreadcrumbList","@id":"https:\/\/martinamaletti.com\/lavado\/#breadcrumb","itemListElement":[{"@type":"ListItem","position":1,"name":"Portada","item":"https:\/\/martinamaletti.com\/"},{"@type":"ListItem","position":2,"name":"Lavado"}]},{"@type":"WebSite","@id":"https:\/\/martinamaletti.com\/#website","url":"https:\/\/martinamaletti.com\/","name":"Martina Maletti","description":"Exclusive fashion brand in Madrid","publisher":{"@id":"https:\/\/martinamaletti.com\/#organization"},"potentialAction":[{"@type":"SearchAction","target":{"@type":"EntryPoint","urlTemplate":"https:\/\/martinamaletti.com\/?s={search_term_string}"},"query-input":{"@type":"PropertyValueSpecification","valueRequired":true,"valueName":"search_term_string"}}],"inLanguage":"en-GB"},{"@type":"Organization","@id":"https:\/\/martinamaletti.com\/#organization","name":"Martina Maletti","url":"https:\/\/martinamaletti.com\/","logo":{"@type":"ImageObject","inLanguage":"en-GB","@id":"https:\/\/martinamaletti.com\/#\/schema\/logo\/image\/","url":"https:\/\/martinamaletti.com\/wp-content\/uploads\/2024\/10\/logo-martinamaletti.webp","contentUrl":"https:\/\/martinamaletti.com\/wp-content\/uploads\/2024\/10\/logo-martinamaletti.webp","width":897,"height":52,"caption":"Martina Maletti"},"image":{"@id":"https:\/\/martinamaletti.com\/#\/schema\/logo\/image\/"}}]}},"_links":{"self":[{"href":"https:\/\/martinamaletti.com\/en\/wp-json\/wp\/v2\/pages\/5361","targetHints":{"allow":["GET"]}}],"collection":[{"href":"https:\/\/martinamaletti.com\/en\/wp-json\/wp\/v2\/pages"}],"about":[{"href":"https:\/\/martinamaletti.com\/en\/wp-json\/wp\/v2\/types\/page"}],"author":[{"embeddable":true,"href":"https:\/\/martinamaletti.com\/en\/wp-json\/wp\/v2\/users\/130"}],"replies":[{"embeddable":true,"href":"https:\/\/martinamaletti.com\/en\/wp-json\/wp\/v2\/comments?post=5361"}],"version-history":[{"count":0,"href":"https:\/\/martinamaletti.com\/en\/wp-json\/wp\/v2\/pages\/5361\/revisions"}],"wp:attachment":[{"href":"https:\/\/martinamaletti.com\/en\/wp-json\/wp\/v2\/media?parent=5361"}],"curies":[{"name":"wp","href":"https:\/\/api.w.org\/{rel}","templated":true}]}}