{"id":4571,"date":"2024-11-12T13:01:54","date_gmt":"2024-11-12T12:01:54","guid":{"rendered":"https:\/\/martinamaletti.com\/?page_id=4571"},"modified":"2025-04-27T17:27:28","modified_gmt":"2025-04-27T16:27:28","slug":"nueva-coleccion","status":"publish","type":"page","link":"https:\/\/martinamaletti.com\/en\/nueva-coleccion\/","title":{"rendered":"Nueva Colecci\u00f3n"},"content":{"rendered":"\t\t<div data-elementor-type=\"wp-page\" data-elementor-id=\"4571\" class=\"elementor elementor-4571\" data-elementor-post-type=\"page\">\n\t\t\t\t<div class=\"elementor-element elementor-element-77ee044 e-con-full e-flex e-con e-parent\" data-id=\"77ee044\" data-element_type=\"container\" data-e-type=\"container\" data-settings=\"{&quot;background_background&quot;:&quot;classic&quot;,&quot;jet_parallax_layout_list&quot;:[]}\">\n\t\t<div class=\"elementor-element elementor-element-0a62656 e-flex e-con-boxed e-con e-child\" data-id=\"0a62656\" data-element_type=\"container\" data-e-type=\"container\" data-settings=\"{&quot;jet_parallax_layout_list&quot;:[]}\">\n\t\t\t\t\t<div class=\"e-con-inner\">\n\t\t\t\t<div class=\"elementor-element elementor-element-f9515b0 elementor-invisible elementor-widget elementor-widget-heading\" data-id=\"f9515b0\" data-element_type=\"widget\" data-e-type=\"widget\" data-settings=\"{&quot;_animation&quot;:&quot;fadeInUp&quot;}\" data-widget_type=\"heading.default\">\n\t\t\t\t\t<h2 class=\"elementor-heading-title elementor-size-default\">Nueva <span style=\"font-style: italic;font-weight: 300;font-family: ivyora-display\">Colecci\u00f3n<\/span><\/h2>\t\t\t\t<\/div>\n\t\t\t\t<div class=\"elementor-element elementor-element-abdae4b elementor-invisible elementor-widget elementor-widget-text-editor\" data-id=\"abdae4b\" data-element_type=\"widget\" data-e-type=\"widget\" data-settings=\"{&quot;_animation&quot;:&quot;fadeInUp&quot;}\" data-widget_type=\"text-editor.default\">\n\t\t\t\t\t\t\t\t\t<p>Exclusividad en su m\u00e1xima expresi\u00f3n<\/p>\t\t\t\t\t\t\t\t<\/div>\n\t\t\t\t\t<\/div>\n\t\t\t\t<\/div>\n\t\t\t\t<\/div>\n\t\t<div class=\"elementor-element elementor-element-2f6133a e-con-full e-flex e-con e-parent\" data-id=\"2f6133a\" data-element_type=\"container\" data-e-type=\"container\" data-settings=\"{&quot;background_background&quot;:&quot;classic&quot;,&quot;jet_parallax_layout_list&quot;:[]}\">\n\t\t<div class=\"elementor-element elementor-element-0f5dfce e-flex e-con-boxed e-con e-child\" data-id=\"0f5dfce\" data-element_type=\"container\" data-e-type=\"container\" data-settings=\"{&quot;jet_parallax_layout_list&quot;:[]}\">\n\t\t\t\t\t<div class=\"e-con-inner\">\n\t\t\t\t<div class=\"elementor-element elementor-element-decbaff elementor-widget__width-initial elementor-invisible elementor-widget elementor-widget-text-editor\" data-id=\"decbaff\" data-element_type=\"widget\" data-e-type=\"widget\" data-settings=\"{&quot;_animation&quot;:&quot;fadeInUp&quot;}\" data-widget_type=\"text-editor.default\">\n\t\t\t\t\t\t\t\t\tDescubre la magia de la moda en nuestra nueva colecci\u00f3n de dise\u00f1os exclusivos y vestidos de invitada, donde cada pieza cuenta una historia de elegancia y estilo atemporal. En nuestro atelier, fusionamos la artesan\u00eda meticulosa con la innovaci\u00f3n moderna para crear prendas que despiertan los sentidos y capturan la esencia de la sofisticaci\u00f3n.\t\t\t\t\t\t\t\t<\/div>\n\t\t\t\t\t<\/div>\n\t\t\t\t<\/div>\n\t\t<div class=\"elementor-element elementor-element-d6d8ae0 e-con-full e-flex e-con e-child\" data-id=\"d6d8ae0\" data-element_type=\"container\" data-e-type=\"container\" data-settings=\"{&quot;jet_parallax_layout_list&quot;:[]}\">\n\t\t\t\t<div class=\"woocommerce elementor-element elementor-element-417c869 elementor-grid-3 elementor-grid-tablet-2 elementor-grid-mobile-1 elementor-widget elementor-widget-loop-grid\" data-id=\"417c869\" data-element_type=\"widget\" data-e-type=\"widget\" data-settings=\"{&quot;_skin&quot;:&quot;product&quot;,&quot;template_id&quot;:&quot;4747&quot;,&quot;row_gap&quot;:{&quot;unit&quot;:&quot;px&quot;,&quot;size&quot;:48,&quot;sizes&quot;:[]},&quot;columns&quot;:3,&quot;columns_tablet&quot;:&quot;2&quot;,&quot;columns_mobile&quot;:&quot;1&quot;,&quot;edit_handle_selector&quot;:&quot;[data-elementor-type=\\&quot;loop-item\\&quot;]&quot;,&quot;row_gap_tablet&quot;:{&quot;unit&quot;:&quot;px&quot;,&quot;size&quot;:&quot;&quot;,&quot;sizes&quot;:[]},&quot;row_gap_mobile&quot;:{&quot;unit&quot;:&quot;px&quot;,&quot;size&quot;:&quot;&quot;,&quot;sizes&quot;:[]}}\" data-widget_type=\"loop-grid.product\">\n\t\t\t\t<div class=\"elementor-widget-container\">\n\t\t\t\t\t\t\t<div class=\"e-loop-nothing-found-message\">\n\t\t<\/div>\n\t\t\t\t\t\t<\/div>\n\t\t\t\t<\/div>\n\t\t\t\t<\/div>\n\t\t\t\t<\/div>\n\t\t<div class=\"elementor-element elementor-element-782301e e-con-full e-flex e-con e-parent\" data-id=\"782301e\" data-element_type=\"container\" data-e-type=\"container\" data-settings=\"{&quot;background_background&quot;:&quot;classic&quot;,&quot;jet_parallax_layout_list&quot;:[]}\">\n\t\t<div class=\"elementor-element elementor-element-f377ea8 e-con-full e-flex e-con e-child\" data-id=\"f377ea8\" data-element_type=\"container\" data-e-type=\"container\" data-settings=\"{&quot;jet_parallax_layout_list&quot;:[]}\">\n\t\t\t\t<div class=\"elementor-element elementor-element-428b1f9 elementor-invisible elementor-widget elementor-widget-heading\" data-id=\"428b1f9\" data-element_type=\"widget\" data-e-type=\"widget\" data-settings=\"{&quot;_animation&quot;:&quot;fadeInUp&quot;}\" data-widget_type=\"heading.default\">\n\t\t\t\t\t<h2 class=\"elementor-heading-title elementor-size-default\">Colecci\u00f3n <span style=\"font-style: italic;font-weight: 300;font-family: ivyora-display\">Archivo<\/span><\/h2>\t\t\t\t<\/div>\n\t\t\t\t<div class=\"elementor-element elementor-element-939d004 elementor-invisible elementor-widget elementor-widget-text-editor\" data-id=\"939d004\" data-element_type=\"widget\" data-e-type=\"widget\" data-settings=\"{&quot;_animation&quot;:&quot;fadeInUp&quot;}\" data-widget_type=\"text-editor.default\">\n\t\t\t\t\t\t\t\t\tDonde la moda se fusiona con la actitud\t\t\t\t\t\t\t\t<\/div>\n\t\t\t\t<\/div>\n\t\t\t\t<div class=\"elementor-element elementor-element-12bd558 elementor-widget__width-auto elementor-invisible elementor-widget elementor-widget-button\" data-id=\"12bd558\" data-element_type=\"widget\" data-e-type=\"widget\" data-settings=\"{&quot;_animation&quot;:&quot;fadeInUp&quot;}\" data-widget_type=\"button.default\">\n\t\t\t\t\t\t\t\t\t\t<a class=\"elementor-button elementor-button-link elementor-size-sm elementor-animation-float\" href=\"https:\/\/martinamaletti.com\/coleccion-archivo\/\">\n\t\t\t\t\t\t<span class=\"elementor-button-content-wrapper\">\n\t\t\t\t\t\t\t\t\t<span class=\"elementor-button-text\">Ver colecci\u00f3n<\/span>\n\t\t\t\t\t<\/span>\n\t\t\t\t\t<\/a>\n\t\t\t\t\t\t\t\t<\/div>\n\t\t\t\t<\/div>\n\t\t\t\t<\/div>\n\t\t","protected":false},"excerpt":{"rendered":"<p>Nueva Colecci\u00f3n Exclusividad en su m\u00e1xima expresi\u00f3n Descubre la magia de la moda en nuestra nueva colecci\u00f3n de dise\u00f1os exclusivos y vestidos de invitada, donde cada pieza cuenta una historia de elegancia y estilo atemporal. En nuestro atelier, fusionamos la artesan\u00eda meticulosa con la innovaci\u00f3n moderna para crear prendas que despiertan los sentidos y capturan [&hellip;]<\/p>\n","protected":false},"author":130,"featured_media":0,"parent":0,"menu_order":0,"comment_status":"closed","ping_status":"closed","template":"","meta":{"_acf_changed":false,"footnotes":""},"class_list":["post-4571","page","type-page","status-publish","hentry"],"acf":[],"yoast_head":"<!-- This site is optimized with the Yoast SEO plugin v27.4 - https:\/\/yoast.com\/product\/yoast-seo-wordpress\/ -->\n<title>Nueva Colecci\u00f3n - Martina Maletti<\/title>\n<meta name=\"robots\" content=\"index, follow, max-snippet:-1, max-image-preview:large, max-video-preview:-1\" \/>\n<link rel=\"canonical\" href=\"https:\/\/martinamaletti.com\/en\/nueva-coleccion\/\" \/>\n<meta property=\"og:locale\" content=\"en_GB\" \/>\n<meta property=\"og:type\" content=\"article\" \/>\n<meta property=\"og:title\" content=\"Nueva Colecci\u00f3n - Martina Maletti\" \/>\n<meta property=\"og:description\" content=\"Nueva Colecci\u00f3n Exclusividad en su m\u00e1xima expresi\u00f3n Descubre la magia de la moda en nuestra nueva colecci\u00f3n de dise\u00f1os exclusivos y vestidos de invitada, donde cada pieza cuenta una historia de elegancia y estilo atemporal. En nuestro atelier, fusionamos la artesan\u00eda meticulosa con la innovaci\u00f3n moderna para crear prendas que despiertan los sentidos y capturan [&hellip;]\" \/>\n<meta property=\"og:url\" content=\"https:\/\/martinamaletti.com\/en\/nueva-coleccion\/\" \/>\n<meta property=\"og:site_name\" content=\"Martina Maletti\" \/>\n<meta property=\"article:modified_time\" content=\"2025-04-27T16:27:28+00:00\" \/>\n<meta name=\"twitter:card\" content=\"summary_large_image\" \/>\n<meta name=\"twitter:label1\" content=\"Estimated reading time\" \/>\n\t<meta name=\"twitter:data1\" content=\"11 minutes\" \/>\n<script type=\"application\/ld+json\" class=\"yoast-schema-graph\">{\"@context\":\"https:\\\/\\\/schema.org\",\"@graph\":[{\"@type\":\"WebPage\",\"@id\":\"https:\\\/\\\/martinamaletti.com\\\/nueva-coleccion\\\/\",\"url\":\"https:\\\/\\\/martinamaletti.com\\\/nueva-coleccion\\\/\",\"name\":\"Nueva Colecci\u00f3n - Martina Maletti\",\"isPartOf\":{\"@id\":\"https:\\\/\\\/martinamaletti.com\\\/#website\"},\"datePublished\":\"2024-11-12T12:01:54+00:00\",\"dateModified\":\"2025-04-27T16:27:28+00:00\",\"breadcrumb\":{\"@id\":\"https:\\\/\\\/martinamaletti.com\\\/nueva-coleccion\\\/#breadcrumb\"},\"inLanguage\":\"en-GB\",\"potentialAction\":[{\"@type\":\"ReadAction\",\"target\":[\"https:\\\/\\\/martinamaletti.com\\\/nueva-coleccion\\\/\"]}]},{\"@type\":\"BreadcrumbList\",\"@id\":\"https:\\\/\\\/martinamaletti.com\\\/nueva-coleccion\\\/#breadcrumb\",\"itemListElement\":[{\"@type\":\"ListItem\",\"position\":1,\"name\":\"Portada\",\"item\":\"https:\\\/\\\/martinamaletti.com\\\/\"},{\"@type\":\"ListItem\",\"position\":2,\"name\":\"Nueva Colecci\u00f3n\"}]},{\"@type\":\"WebSite\",\"@id\":\"https:\\\/\\\/martinamaletti.com\\\/#website\",\"url\":\"https:\\\/\\\/martinamaletti.com\\\/\",\"name\":\"Martina Maletti\",\"description\":\"Marca exclusiva de moda en Madrid\",\"publisher\":{\"@id\":\"https:\\\/\\\/martinamaletti.com\\\/#organization\"},\"potentialAction\":[{\"@type\":\"SearchAction\",\"target\":{\"@type\":\"EntryPoint\",\"urlTemplate\":\"https:\\\/\\\/martinamaletti.com\\\/?s={search_term_string}\"},\"query-input\":{\"@type\":\"PropertyValueSpecification\",\"valueRequired\":true,\"valueName\":\"search_term_string\"}}],\"inLanguage\":\"en-GB\"},{\"@type\":\"Organization\",\"@id\":\"https:\\\/\\\/martinamaletti.com\\\/#organization\",\"name\":\"Martina Maletti\",\"url\":\"https:\\\/\\\/martinamaletti.com\\\/\",\"logo\":{\"@type\":\"ImageObject\",\"inLanguage\":\"en-GB\",\"@id\":\"https:\\\/\\\/martinamaletti.com\\\/#\\\/schema\\\/logo\\\/image\\\/\",\"url\":\"https:\\\/\\\/martinamaletti.com\\\/wp-content\\\/uploads\\\/2024\\\/10\\\/logo-martinamaletti.webp\",\"contentUrl\":\"https:\\\/\\\/martinamaletti.com\\\/wp-content\\\/uploads\\\/2024\\\/10\\\/logo-martinamaletti.webp\",\"width\":897,\"height\":52,\"caption\":\"Martina Maletti\"},\"image\":{\"@id\":\"https:\\\/\\\/martinamaletti.com\\\/#\\\/schema\\\/logo\\\/image\\\/\"}}]}<\/script>\n<!-- \/ Yoast SEO plugin. -->","yoast_head_json":{"title":"Nueva Colecci\u00f3n - Martina Maletti","robots":{"index":"index","follow":"follow","max-snippet":"max-snippet:-1","max-image-preview":"max-image-preview:large","max-video-preview":"max-video-preview:-1"},"canonical":"https:\/\/martinamaletti.com\/en\/nueva-coleccion\/","og_locale":"en_GB","og_type":"article","og_title":"Nueva Colecci\u00f3n - Martina Maletti","og_description":"Nueva Colecci\u00f3n Exclusividad en su m\u00e1xima expresi\u00f3n Descubre la magia de la moda en nuestra nueva colecci\u00f3n de dise\u00f1os exclusivos y vestidos de invitada, donde cada pieza cuenta una historia de elegancia y estilo atemporal. En nuestro atelier, fusionamos la artesan\u00eda meticulosa con la innovaci\u00f3n moderna para crear prendas que despiertan los sentidos y capturan [&hellip;]","og_url":"https:\/\/martinamaletti.com\/en\/nueva-coleccion\/","og_site_name":"Martina Maletti","article_modified_time":"2025-04-27T16:27:28+00:00","twitter_card":"summary_large_image","twitter_misc":{"Estimated reading time":"11 minutes"},"schema":{"@context":"https:\/\/schema.org","@graph":[{"@type":"WebPage","@id":"https:\/\/martinamaletti.com\/nueva-coleccion\/","url":"https:\/\/martinamaletti.com\/nueva-coleccion\/","name":"Nueva Colecci\u00f3n - Martina Maletti","isPartOf":{"@id":"https:\/\/martinamaletti.com\/#website"},"datePublished":"2024-11-12T12:01:54+00:00","dateModified":"2025-04-27T16:27:28+00:00","breadcrumb":{"@id":"https:\/\/martinamaletti.com\/nueva-coleccion\/#breadcrumb"},"inLanguage":"en-GB","potentialAction":[{"@type":"ReadAction","target":["https:\/\/martinamaletti.com\/nueva-coleccion\/"]}]},{"@type":"BreadcrumbList","@id":"https:\/\/martinamaletti.com\/nueva-coleccion\/#breadcrumb","itemListElement":[{"@type":"ListItem","position":1,"name":"Portada","item":"https:\/\/martinamaletti.com\/"},{"@type":"ListItem","position":2,"name":"Nueva Colecci\u00f3n"}]},{"@type":"WebSite","@id":"https:\/\/martinamaletti.com\/#website","url":"https:\/\/martinamaletti.com\/","name":"Martina Maletti","description":"Exclusive fashion brand in Madrid","publisher":{"@id":"https:\/\/martinamaletti.com\/#organization"},"potentialAction":[{"@type":"SearchAction","target":{"@type":"EntryPoint","urlTemplate":"https:\/\/martinamaletti.com\/?s={search_term_string}"},"query-input":{"@type":"PropertyValueSpecification","valueRequired":true,"valueName":"search_term_string"}}],"inLanguage":"en-GB"},{"@type":"Organization","@id":"https:\/\/martinamaletti.com\/#organization","name":"Martina Maletti","url":"https:\/\/martinamaletti.com\/","logo":{"@type":"ImageObject","inLanguage":"en-GB","@id":"https:\/\/martinamaletti.com\/#\/schema\/logo\/image\/","url":"https:\/\/martinamaletti.com\/wp-content\/uploads\/2024\/10\/logo-martinamaletti.webp","contentUrl":"https:\/\/martinamaletti.com\/wp-content\/uploads\/2024\/10\/logo-martinamaletti.webp","width":897,"height":52,"caption":"Martina Maletti"},"image":{"@id":"https:\/\/martinamaletti.com\/#\/schema\/logo\/image\/"}}]}},"_links":{"self":[{"href":"https:\/\/martinamaletti.com\/en\/wp-json\/wp\/v2\/pages\/4571","targetHints":{"allow":["GET"]}}],"collection":[{"href":"https:\/\/martinamaletti.com\/en\/wp-json\/wp\/v2\/pages"}],"about":[{"href":"https:\/\/martinamaletti.com\/en\/wp-json\/wp\/v2\/types\/page"}],"author":[{"embeddable":true,"href":"https:\/\/martinamaletti.com\/en\/wp-json\/wp\/v2\/users\/130"}],"replies":[{"embeddable":true,"href":"https:\/\/martinamaletti.com\/en\/wp-json\/wp\/v2\/comments?post=4571"}],"version-history":[{"count":0,"href":"https:\/\/martinamaletti.com\/en\/wp-json\/wp\/v2\/pages\/4571\/revisions"}],"wp:attachment":[{"href":"https:\/\/martinamaletti.com\/en\/wp-json\/wp\/v2\/media?parent=4571"}],"curies":[{"name":"wp","href":"https:\/\/api.w.org\/{rel}","templated":true}]}}