{"id":4353,"date":"2024-10-30T19:21:40","date_gmt":"2024-10-30T18:21:40","guid":{"rendered":"https:\/\/martinamaletti.com\/?page_id=4353"},"modified":"2025-06-06T09:11:05","modified_gmt":"2025-06-06T08:11:05","slug":"cambios-y-devoluciones-2","status":"publish","type":"page","link":"https:\/\/martinamaletti.com\/en\/cambios-y-devoluciones-2\/","title":{"rendered":"Returns and exchanges"},"content":{"rendered":"<div data-elementor-type=\"wp-page\" data-elementor-id=\"4353\" class=\"elementor elementor-4353\" data-elementor-post-type=\"page\">\n\t\t\t\t<div class=\"elementor-element elementor-element-7976c99 e-con-full e-flex e-con e-parent\" data-id=\"7976c99\" data-element_type=\"container\" data-e-type=\"container\" data-settings=\"{&quot;background_background&quot;:&quot;classic&quot;,&quot;jet_parallax_layout_list&quot;:[]}\">\n\t\t\t\t<div class=\"elementor-element elementor-element-4d95a0c elementor-invisible elementor-widget elementor-widget-heading\" data-id=\"4d95a0c\" data-element_type=\"widget\" data-e-type=\"widget\" data-settings=\"{&quot;_animation&quot;:&quot;fadeInUp&quot;}\" data-widget_type=\"heading.default\">\n\t\t\t\t\t<h2 class=\"elementor-heading-title elementor-size-default\">Returns and exchanges<\/h2>\t\t\t\t<\/div>\n\t\t<div class=\"elementor-element elementor-element-d7eaa7b e-con-full e-flex e-con e-child\" data-id=\"d7eaa7b\" data-element_type=\"container\" data-e-type=\"container\" data-settings=\"{&quot;jet_parallax_layout_list&quot;:[]}\">\n\t\t\t\t<div class=\"elementor-element elementor-element-503b971 elementor-invisible elementor-widget elementor-widget-heading\" data-id=\"503b971\" data-element_type=\"widget\" data-e-type=\"widget\" data-settings=\"{&quot;_animation&quot;:&quot;fadeInUp&quot;}\" data-widget_type=\"heading.default\">\n\t\t\t\t\t<h2 class=\"elementor-heading-title elementor-size-default\">Returns and exchanges<\/h2>\t\t\t\t<\/div>\n\t\t\t\t<div class=\"elementor-element elementor-element-f5c8b9e elementor-invisible elementor-widget elementor-widget-text-editor\" data-id=\"f5c8b9e\" data-element_type=\"widget\" data-e-type=\"widget\" data-settings=\"{&quot;_animation&quot;:&quot;fadeInUp&quot;}\" data-widget_type=\"text-editor.default\">\n\t\t\t\t\t\t\t\t\t<p>All orders are shipped via MRW. Once your order has been shipped, you will receive a shipping confirmation email notifying you of the carrier and the tracking and tracing number.<\/p>\t\t\t\t\t\t\t\t<\/div>\n\t\t\t\t<\/div>\n\t\t<div class=\"elementor-element elementor-element-f810b00 e-con-full e-flex e-con e-child\" data-id=\"f810b00\" data-element_type=\"container\" data-e-type=\"container\" data-settings=\"{&quot;jet_parallax_layout_list&quot;:[]}\">\n\t\t\t\t<div class=\"elementor-element elementor-element-c029bf8 elementor-invisible elementor-widget elementor-widget-heading\" data-id=\"c029bf8\" data-element_type=\"widget\" data-e-type=\"widget\" data-settings=\"{&quot;_animation&quot;:&quot;fadeInUp&quot;}\" data-widget_type=\"heading.default\">\n\t\t\t\t\t<h2 class=\"elementor-heading-title elementor-size-default\">MRW delivery<\/h2>\t\t\t\t<\/div>\n\t\t\t\t<div class=\"elementor-element elementor-element-5d588cc elementor-invisible elementor-widget elementor-widget-text-editor\" data-id=\"5d588cc\" data-element_type=\"widget\" data-e-type=\"widget\" data-settings=\"{&quot;_animation&quot;:&quot;fadeInUp&quot;}\" data-widget_type=\"text-editor.default\">\n\t\t\t\t\t\t\t\t\t<p>Deliveries take 4 working days (excluding weekends and public holidays).<\/p>\t\t\t\t\t\t\t\t<\/div>\n\t\t\t\t<\/div>\n\t\t<div class=\"elementor-element elementor-element-cbfe951 e-con-full e-flex e-con e-child\" data-id=\"cbfe951\" data-element_type=\"container\" data-e-type=\"container\" data-settings=\"{&quot;jet_parallax_layout_list&quot;:[]}\">\n\t\t\t\t<div class=\"elementor-element elementor-element-7a23f11 elementor-invisible elementor-widget elementor-widget-heading\" data-id=\"7a23f11\" data-element_type=\"widget\" data-e-type=\"widget\" data-settings=\"{&quot;_animation&quot;:&quot;fadeInUp&quot;}\" data-widget_type=\"heading.default\">\n\t\t\t\t\t<h2 class=\"elementor-heading-title elementor-size-default\">Arrival of the order<\/h2>\t\t\t\t<\/div>\n\t\t\t\t<div class=\"elementor-element elementor-element-1d30015 elementor-invisible elementor-widget elementor-widget-text-editor\" data-id=\"1d30015\" data-element_type=\"widget\" data-e-type=\"widget\" data-settings=\"{&quot;_animation&quot;:&quot;fadeInUp&quot;}\" data-widget_type=\"text-editor.default\">\n\t\t\t\t\t\t\t\t\tArrival time is an estimate and unfortunately cannot be guaranteed. We will do our best to ship your order as soon as possible so that it can be delivered on time. During campaigns and sales, delivery may take longer. If you are not at home when your parcel arrives, the carrier will leave you a card telling you where it is. It may be held in storage or there may be details of how to collect it or rearrange delivery.\t\t\t\t\t\t\t\t<\/div>\n\t\t\t\t<\/div>\n\t\t<div class=\"elementor-element elementor-element-629750b e-con-full e-flex e-con e-child\" data-id=\"629750b\" data-element_type=\"container\" data-e-type=\"container\" data-settings=\"{&quot;jet_parallax_layout_list&quot;:[]}\">\n\t\t\t\t<div class=\"elementor-element elementor-element-788807f elementor-invisible elementor-widget elementor-widget-heading\" data-id=\"788807f\" data-element_type=\"widget\" data-e-type=\"widget\" data-settings=\"{&quot;_animation&quot;:&quot;fadeInUp&quot;}\" data-widget_type=\"heading.default\">\n\t\t\t\t\t<h2 class=\"elementor-heading-title elementor-size-default\">How to return<\/h2>\t\t\t\t<\/div>\n\t\t\t\t<div class=\"elementor-element elementor-element-3d26864 elementor-invisible elementor-widget elementor-widget-text-editor\" data-id=\"3d26864\" data-element_type=\"widget\" data-e-type=\"widget\" data-settings=\"{&quot;_animation&quot;:&quot;fadeInUp&quot;}\" data-widget_type=\"text-editor.default\">\n\t\t\t\t\t\t\t\t\t<p>Thank you for your purchase at martinamaletti.com and we are sorry for any inconvenience you may have experienced. If you wish to make a return, please follow these steps:<\/p>\t\t\t\t\t\t\t\t<\/div>\n\t\t\t\t<div class=\"elementor-element elementor-element-88e514e elementor-invisible elementor-widget elementor-widget-text-editor\" data-id=\"88e514e\" data-element_type=\"widget\" data-e-type=\"widget\" data-settings=\"{&quot;_animation&quot;:&quot;fadeInUp&quot;}\" data-widget_type=\"text-editor.default\">\n\t\t\t\t\t\t\t\t\t<ol><li>Returns must be made within 14 days.<\/li><li>Pack the item(s): pack the item(s) you wish to return making sure they are in their original condition to receive a full refund.<\/li><li>Request the return address: send an email to customerservice@martinamaletti.com specifying the order number, the garments you wish to return and the reason for return.<\/li><li>Return costs: Unfortunately, at this time, we are unable to cover the costs associated with returns. Return shipping costs will be the responsibility of the customer. We appreciate your understanding in this matter.<\/li><li>Refund: once we receive the package and verify that the garment is in perfect condition, we will proceed with the corresponding refund.<\/li><\/ol>\t\t\t\t\t\t\t\t<\/div>\n\t\t\t\t<\/div>\n\t\t<div class=\"elementor-element elementor-element-04b3437 e-con-full e-flex e-con e-child\" data-id=\"04b3437\" data-element_type=\"container\" data-e-type=\"container\" data-settings=\"{&quot;jet_parallax_layout_list&quot;:[]}\">\n\t\t\t\t<div class=\"elementor-element elementor-element-b216cca elementor-invisible elementor-widget elementor-widget-heading\" data-id=\"b216cca\" data-element_type=\"widget\" data-e-type=\"widget\" data-settings=\"{&quot;_animation&quot;:&quot;fadeInUp&quot;}\" data-widget_type=\"heading.default\">\n\t\t\t\t\t<h2 class=\"elementor-heading-title elementor-size-default\">Refunds<\/h2>\t\t\t\t<\/div>\n\t\t\t\t<div class=\"elementor-element elementor-element-62f889a elementor-invisible elementor-widget elementor-widget-text-editor\" data-id=\"62f889a\" data-element_type=\"widget\" data-e-type=\"widget\" data-settings=\"{&quot;_animation&quot;:&quot;fadeInUp&quot;}\" data-widget_type=\"text-editor.default\">\n\t\t\t\t\t\t\t\t\t<p>When your return has been received by our warehouse, you will be notified by email. You will receive a full refund within 14 working days of receipt. The refund will be made in the same form of payment originally used for the purchase and in the same currency. Please note that the exact timing will depend on the bank or credit card issuer.<\/p>\t\t\t\t\t\t\t\t<\/div>\n\t\t\t\t<\/div>\n\t\t\t\t<\/div>\n\t\t\t\t<\/div>","protected":false},"excerpt":{"rendered":"<p>Cambios y devoluciones Env\u00edos para cambios y devoluciones Todos los pedidos se env\u00edan a trav\u00e9s de MRW. Una vez enviado su pedido, recibir\u00e1 una confirmaci\u00f3n de env\u00edo por correo electr\u00f3nico que le notificar\u00e1 el transportista y el n\u00famero de seguimiento y localizaci\u00f3n Entrega de MRW Las entregas tardan 4 d\u00edas laborables (excluyendo fines de semana [&hellip;]<\/p>\n","protected":false},"author":130,"featured_media":0,"parent":0,"menu_order":0,"comment_status":"closed","ping_status":"closed","template":"","meta":{"_acf_changed":false,"footnotes":""},"class_list":["post-4353","page","type-page","status-publish","hentry"],"acf":[],"yoast_head":"<!-- This site is optimized with the Yoast SEO plugin v27.3 - https:\/\/yoast.com\/product\/yoast-seo-wordpress\/ -->\n<title>Cambios y devoluciones - Martina Maletti<\/title>\n<meta name=\"robots\" content=\"index, follow, max-snippet:-1, max-image-preview:large, max-video-preview:-1\" \/>\n<link rel=\"canonical\" href=\"https:\/\/martinamaletti.com\/en\/cambios-y-devoluciones-2\/\" \/>\n<meta property=\"og:locale\" content=\"en_GB\" \/>\n<meta property=\"og:type\" content=\"article\" \/>\n<meta property=\"og:title\" content=\"Cambios y devoluciones - Martina Maletti\" \/>\n<meta property=\"og:description\" content=\"Cambios y devoluciones Env\u00edos para cambios y devoluciones Todos los pedidos se env\u00edan a trav\u00e9s de MRW. Una vez enviado su pedido, recibir\u00e1 una confirmaci\u00f3n de env\u00edo por correo electr\u00f3nico que le notificar\u00e1 el transportista y el n\u00famero de seguimiento y localizaci\u00f3n Entrega de MRW Las entregas tardan 4 d\u00edas laborables (excluyendo fines de semana [&hellip;]\" \/>\n<meta property=\"og:url\" content=\"https:\/\/martinamaletti.com\/en\/cambios-y-devoluciones-2\/\" \/>\n<meta property=\"og:site_name\" content=\"Martina Maletti\" \/>\n<meta property=\"article:modified_time\" content=\"2025-06-06T08:11:05+00:00\" \/>\n<meta name=\"twitter:card\" content=\"summary_large_image\" \/>\n<meta name=\"twitter:label1\" content=\"Estimated reading time\" \/>\n\t<meta name=\"twitter:data1\" content=\"2 minutes\" \/>\n<script type=\"application\/ld+json\" class=\"yoast-schema-graph\">{\"@context\":\"https:\\\/\\\/schema.org\",\"@graph\":[{\"@type\":\"WebPage\",\"@id\":\"https:\\\/\\\/martinamaletti.com\\\/cambios-y-devoluciones-2\\\/\",\"url\":\"https:\\\/\\\/martinamaletti.com\\\/cambios-y-devoluciones-2\\\/\",\"name\":\"Cambios y devoluciones - Martina Maletti\",\"isPartOf\":{\"@id\":\"https:\\\/\\\/martinamaletti.com\\\/#website\"},\"datePublished\":\"2024-10-30T18:21:40+00:00\",\"dateModified\":\"2025-06-06T08:11:05+00:00\",\"breadcrumb\":{\"@id\":\"https:\\\/\\\/martinamaletti.com\\\/cambios-y-devoluciones-2\\\/#breadcrumb\"},\"inLanguage\":\"en-GB\",\"potentialAction\":[{\"@type\":\"ReadAction\",\"target\":[\"https:\\\/\\\/martinamaletti.com\\\/cambios-y-devoluciones-2\\\/\"]}]},{\"@type\":\"BreadcrumbList\",\"@id\":\"https:\\\/\\\/martinamaletti.com\\\/cambios-y-devoluciones-2\\\/#breadcrumb\",\"itemListElement\":[{\"@type\":\"ListItem\",\"position\":1,\"name\":\"Portada\",\"item\":\"https:\\\/\\\/martinamaletti.com\\\/\"},{\"@type\":\"ListItem\",\"position\":2,\"name\":\"Cambios y devoluciones\"}]},{\"@type\":\"WebSite\",\"@id\":\"https:\\\/\\\/martinamaletti.com\\\/#website\",\"url\":\"https:\\\/\\\/martinamaletti.com\\\/\",\"name\":\"Martina Maletti\",\"description\":\"Marca exclusiva de moda en Madrid\",\"publisher\":{\"@id\":\"https:\\\/\\\/martinamaletti.com\\\/#organization\"},\"potentialAction\":[{\"@type\":\"SearchAction\",\"target\":{\"@type\":\"EntryPoint\",\"urlTemplate\":\"https:\\\/\\\/martinamaletti.com\\\/?s={search_term_string}\"},\"query-input\":{\"@type\":\"PropertyValueSpecification\",\"valueRequired\":true,\"valueName\":\"search_term_string\"}}],\"inLanguage\":\"en-GB\"},{\"@type\":\"Organization\",\"@id\":\"https:\\\/\\\/martinamaletti.com\\\/#organization\",\"name\":\"Martina Maletti\",\"url\":\"https:\\\/\\\/martinamaletti.com\\\/\",\"logo\":{\"@type\":\"ImageObject\",\"inLanguage\":\"en-GB\",\"@id\":\"https:\\\/\\\/martinamaletti.com\\\/#\\\/schema\\\/logo\\\/image\\\/\",\"url\":\"https:\\\/\\\/martinamaletti.com\\\/wp-content\\\/uploads\\\/2024\\\/10\\\/logo-martinamaletti.webp\",\"contentUrl\":\"https:\\\/\\\/martinamaletti.com\\\/wp-content\\\/uploads\\\/2024\\\/10\\\/logo-martinamaletti.webp\",\"width\":897,\"height\":52,\"caption\":\"Martina Maletti\"},\"image\":{\"@id\":\"https:\\\/\\\/martinamaletti.com\\\/#\\\/schema\\\/logo\\\/image\\\/\"}}]}<\/script>\n<!-- \/ Yoast SEO plugin. -->","yoast_head_json":{"title":"Cambios y devoluciones - Martina Maletti","robots":{"index":"index","follow":"follow","max-snippet":"max-snippet:-1","max-image-preview":"max-image-preview:large","max-video-preview":"max-video-preview:-1"},"canonical":"https:\/\/martinamaletti.com\/en\/cambios-y-devoluciones-2\/","og_locale":"en_GB","og_type":"article","og_title":"Cambios y devoluciones - Martina Maletti","og_description":"Cambios y devoluciones Env\u00edos para cambios y devoluciones Todos los pedidos se env\u00edan a trav\u00e9s de MRW. Una vez enviado su pedido, recibir\u00e1 una confirmaci\u00f3n de env\u00edo por correo electr\u00f3nico que le notificar\u00e1 el transportista y el n\u00famero de seguimiento y localizaci\u00f3n Entrega de MRW Las entregas tardan 4 d\u00edas laborables (excluyendo fines de semana [&hellip;]","og_url":"https:\/\/martinamaletti.com\/en\/cambios-y-devoluciones-2\/","og_site_name":"Martina Maletti","article_modified_time":"2025-06-06T08:11:05+00:00","twitter_card":"summary_large_image","twitter_misc":{"Estimated reading time":"2 minutes"},"schema":{"@context":"https:\/\/schema.org","@graph":[{"@type":"WebPage","@id":"https:\/\/martinamaletti.com\/cambios-y-devoluciones-2\/","url":"https:\/\/martinamaletti.com\/cambios-y-devoluciones-2\/","name":"Cambios y devoluciones - Martina Maletti","isPartOf":{"@id":"https:\/\/martinamaletti.com\/#website"},"datePublished":"2024-10-30T18:21:40+00:00","dateModified":"2025-06-06T08:11:05+00:00","breadcrumb":{"@id":"https:\/\/martinamaletti.com\/cambios-y-devoluciones-2\/#breadcrumb"},"inLanguage":"en-GB","potentialAction":[{"@type":"ReadAction","target":["https:\/\/martinamaletti.com\/cambios-y-devoluciones-2\/"]}]},{"@type":"BreadcrumbList","@id":"https:\/\/martinamaletti.com\/cambios-y-devoluciones-2\/#breadcrumb","itemListElement":[{"@type":"ListItem","position":1,"name":"Portada","item":"https:\/\/martinamaletti.com\/"},{"@type":"ListItem","position":2,"name":"Cambios y devoluciones"}]},{"@type":"WebSite","@id":"https:\/\/martinamaletti.com\/#website","url":"https:\/\/martinamaletti.com\/","name":"Martina Maletti","description":"Exclusive fashion brand in Madrid","publisher":{"@id":"https:\/\/martinamaletti.com\/#organization"},"potentialAction":[{"@type":"SearchAction","target":{"@type":"EntryPoint","urlTemplate":"https:\/\/martinamaletti.com\/?s={search_term_string}"},"query-input":{"@type":"PropertyValueSpecification","valueRequired":true,"valueName":"search_term_string"}}],"inLanguage":"en-GB"},{"@type":"Organization","@id":"https:\/\/martinamaletti.com\/#organization","name":"Martina Maletti","url":"https:\/\/martinamaletti.com\/","logo":{"@type":"ImageObject","inLanguage":"en-GB","@id":"https:\/\/martinamaletti.com\/#\/schema\/logo\/image\/","url":"https:\/\/martinamaletti.com\/wp-content\/uploads\/2024\/10\/logo-martinamaletti.webp","contentUrl":"https:\/\/martinamaletti.com\/wp-content\/uploads\/2024\/10\/logo-martinamaletti.webp","width":897,"height":52,"caption":"Martina Maletti"},"image":{"@id":"https:\/\/martinamaletti.com\/#\/schema\/logo\/image\/"}}]}},"_links":{"self":[{"href":"https:\/\/martinamaletti.com\/en\/wp-json\/wp\/v2\/pages\/4353","targetHints":{"allow":["GET"]}}],"collection":[{"href":"https:\/\/martinamaletti.com\/en\/wp-json\/wp\/v2\/pages"}],"about":[{"href":"https:\/\/martinamaletti.com\/en\/wp-json\/wp\/v2\/types\/page"}],"author":[{"embeddable":true,"href":"https:\/\/martinamaletti.com\/en\/wp-json\/wp\/v2\/users\/130"}],"replies":[{"embeddable":true,"href":"https:\/\/martinamaletti.com\/en\/wp-json\/wp\/v2\/comments?post=4353"}],"version-history":[{"count":0,"href":"https:\/\/martinamaletti.com\/en\/wp-json\/wp\/v2\/pages\/4353\/revisions"}],"wp:attachment":[{"href":"https:\/\/martinamaletti.com\/en\/wp-json\/wp\/v2\/media?parent=4353"}],"curies":[{"name":"wp","href":"https:\/\/api.w.org\/{rel}","templated":true}]}}